{"id":43112,"date":"2026-01-05T16:53:15","date_gmt":"2026-01-05T21:53:15","guid":{"rendered":"https:\/\/thejeromeclassic.ca\/fr\/?page_id=43112"},"modified":"2026-01-19T15:58:00","modified_gmt":"2026-01-19T20:58:00","slug":"outreach","status":"publish","type":"page","link":"https:\/\/thejeromeclassic.ca\/fr\/outreach\/","title":{"rendered":"Outreach"},"content":{"rendered":"<p>[et_pb_section fb_built=&#8221;1&#8243; fullwidth=&#8221;on&#8221; admin_label=&#8221;Header&#8221; _builder_version=&#8221;4.24.0&#8243; background_color=&#8221;#000000&#8243; background_image=&#8221;https:\/\/thejeromeclassic.ca\/fr\/wp-content\/uploads\/2026\/01\/JeromeOutreach-CarletonElementary.jpg&#8221; z_index=&#8221;1&#8243; custom_margin=&#8221;-60px||||false|false&#8221; custom_padding=&#8221;|||&#8221; locked=&#8221;off&#8221; global_colors_info=&#8221;{}&#8221;][et_pb_fullwidth_header title=&#8221;La Soci\u00e9t\u00e9 de sensibilisation de J\u00e9r\u00f4me&#8221; subhead=&#8221;LE SPORT SAUVE DES VIES&#8221; text_orientation=&#8221;center&#8221; background_overlay_color=&#8221;rgba(34,68,135,0.65)&#8221; content_max_width_last_edited=&#8221;off|desktop&#8221; admin_label=&#8221;Page Title&#8221; _builder_version=&#8221;4.24.0&#8243; title_font=&#8221;Oswald|600||on|||||&#8221; title_text_align=&#8221;center&#8221; title_text_color=&#8221;#ffffff&#8221; title_font_size=&#8221;80px&#8221; title_letter_spacing=&#8221;0.05em&#8221; title_line_height=&#8221;1.5em&#8221; content_font=&#8221;Khula|600|||||||&#8221; subhead_font=&#8221;Khula|700||on|||||&#8221; subhead_text_align=&#8221;center&#8221; subhead_text_color=&#8221;#ffffff&#8221; subhead_font_size=&#8221;20px&#8221; subhead_letter_spacing=&#8221;1px&#8221; subhead_line_height=&#8221;1.9em&#8221; background_color=&#8221;rgba(255,255,255,0)&#8221; background_image=&#8221;https:\/\/thejeromeclassic.ca\/fr\/wp-content\/uploads\/2023\/12\/105-2016-IMG_3447-race.track-mktgfc-RUNVAN-scaled.jpg&#8221; parallax=&#8221;on&#8221; parallax_method=&#8221;on&#8221; custom_button_one=&#8221;on&#8221; button_one_text_size=&#8221;15px&#8221; button_one_bg_color=&#8221;#dca57d&#8221; button_one_border_width=&#8221;10px&#8221; button_one_border_color=&#8221;#dca57d&#8221; button_one_border_radius=&#8221;0px&#8221; button_one_letter_spacing=&#8221;3px&#8221; button_one_font=&#8221;Oswald|||on|&#8221; button_one_use_icon=&#8221;off&#8221; custom_margin=&#8221;||||false|false&#8221; custom_padding=&#8221;7%||3%||false|false&#8221; hover_enabled=&#8221;0&#8243; title_font_size_tablet=&#8221;60px&#8221; title_font_size_phone=&#8221;40px&#8221; title_font_size_last_edited=&#8221;on|phone&#8221; subhead_font_size_tablet=&#8221;&#8221; subhead_font_size_phone=&#8221;18px&#8221; subhead_font_size_last_edited=&#8221;on|phone&#8221; button_one_border_color_hover=&#8221;#c99872&#8243; button_one_border_radius_hover=&#8221;0px&#8221; button_one_letter_spacing_hover=&#8221;3px&#8221; button_one_bg_color_hover=&#8221;#c99872&#8243; global_colors_info=&#8221;{}&#8221; button_one_text_size__hover_enabled=&#8221;off&#8221; button_two_text_size__hover_enabled=&#8221;off&#8221; button_one_text_color__hover_enabled=&#8221;off&#8221; button_two_text_color__hover_enabled=&#8221;off&#8221; button_one_border_width__hover_enabled=&#8221;off&#8221; button_two_border_width__hover_enabled=&#8221;off&#8221; button_one_border_color__hover_enabled=&#8221;on&#8221; button_one_border_color__hover=&#8221;#c99872&#8243; button_two_border_color__hover_enabled=&#8221;off&#8221; button_one_border_radius__hover_enabled=&#8221;on&#8221; button_one_border_radius__hover=&#8221;0px&#8221; button_two_border_radius__hover_enabled=&#8221;off&#8221; button_one_letter_spacing__hover_enabled=&#8221;on&#8221; button_one_letter_spacing__hover=&#8221;3px&#8221; button_two_letter_spacing__hover_enabled=&#8221;off&#8221; button_one_bg_color__hover_enabled=&#8221;on&#8221; button_one_bg_color__hover=&#8221;#c99872&#8243; button_two_bg_color__hover_enabled=&#8221;off&#8221; sticky_enabled=&#8221;0&#8243;][\/et_pb_fullwidth_header][\/et_pb_section][et_pb_section fb_built=&#8221;1&#8243; admin_label=&#8221;#overview&#8221; module_id=&#8221;overview&#8221; _builder_version=&#8221;4.24.0&#8243; background_color=&#8221;rgba(0,0,0,0)&#8221; custom_margin=&#8221;||||false|false&#8221; custom_margin_tablet=&#8221;|||0px|false|false&#8221; custom_margin_phone=&#8221;&#8221; custom_margin_last_edited=&#8221;on|desktop&#8221; custom_padding=&#8221;100px|0px|1px|0px|false|false&#8221; animation_style=&#8221;fade&#8221; locked=&#8221;off&#8221; global_colors_info=&#8221;{}&#8221;][et_pb_row _builder_version=&#8221;4.16&#8243; background_size=&#8221;initial&#8221; background_position=&#8221;top_left&#8221; background_repeat=&#8221;repeat&#8221; custom_padding=&#8221;|||0px|false|false&#8221; animation_style=&#8221;fade&#8221; animation_duration=&#8221;1800ms&#8221; global_colors_info=&#8221;{}&#8221;][et_pb_column type=&#8221;4_4&#8243; admin_label=&#8221;Column&#8221; _builder_version=&#8221;4.16&#8243; custom_padding=&#8221;|||&#8221; global_colors_info=&#8221;{}&#8221; custom_padding__hover=&#8221;|||&#8221;][et_pb_text admin_label=&#8221;Text&#8221; _builder_version=&#8221;4.24.0&#8243; text_font=&#8221;Khula|600|||||||&#8221; text_text_color=&#8221;#434343&#8243; header_2_text_color=&#8221;#434343&#8243; background_size=&#8221;initial&#8221; background_position=&#8221;top_left&#8221; background_repeat=&#8221;repeat&#8221; max_width=&#8221;775px&#8221; max_width_tablet=&#8221;&#8221; max_width_phone=&#8221;&#8221; max_width_last_edited=&#8221;on|phone&#8221; module_alignment=&#8221;left&#8221; custom_margin=&#8221;|||&#8221; global_colors_info=&#8221;{}&#8221;]<\/p>\n<h6>LE SPORT SAUVE DES VIES<\/h6>\n<p>[\/et_pb_text][et_pb_text admin_label=&#8221;Text&#8221; _builder_version=&#8221;4.24.0&#8243; text_font=&#8221;Karma|600|||||||&#8221; text_text_color=&#8221;#434343&#8243; header_2_text_color=&#8221;#434343&#8243; background_color=&#8221;#f7f7f7&#8243; background_size=&#8221;initial&#8221; background_position=&#8221;top_left&#8221; background_repeat=&#8221;repeat&#8221; max_width=&#8221;1080px&#8221; max_width_tablet=&#8221;&#8221; max_width_phone=&#8221;&#8221; max_width_last_edited=&#8221;on|phone&#8221; module_alignment=&#8221;left&#8221; custom_margin=&#8221;-10px||||false|false&#8221; custom_padding=&#8221;35px|35px|35px|35px|true|true&#8221; global_colors_info=&#8221;{}&#8221;]<\/p>\n<p>L&#8217;Achilles International Track Society soutient <a href=\"https:\/\/jeromeoutreach.com\/home\" target=\"_blank\" rel=\"noopener\"><strong>la Jerome Outreach Society (JOS)<\/strong><\/a>. La JOS engage des entra\u00eeneurs professionnels et des athl\u00e8tes universitaires pour enseigner le basket-ball, l&#8217;athl\u00e9tisme, le football, l&#8217;ultimate frisbee et la course de fond dans les \u00e9coles et les centres communautaires des quartiers d\u00e9favoris\u00e9s de Vancouver. Les \u00e9coles, les centres communautaires et les enfants ne paient rien. Une quarantaine d&#8217;entra\u00eeneurs de la JOS, dont certains sont des olympiens, organisent des s\u00e9ances d&#8217;entra\u00eenement dans 35 sites \u00e0 Vancouver et Burnaby. Plus de 2 000 enfants y participent, dont beaucoup sont issus de familles en difficult\u00e9 sociale et \u00e9conomique.<\/p>\n<p>La Jerome Outreach Society a \u00e9t\u00e9 nomm\u00e9e en l&#8217;honneur de Harry Winston Jerome (1940-1982), un athl\u00e8te polyvalent talentueux qui a surmont\u00e9 les difficult\u00e9s raciales et \u00e9conomiques pour devenir l&#8217;un des meilleurs sprinteurs de son \u00e9poque et l&#8217;un des meilleurs athl\u00e8tes ayant jamais repr\u00e9sent\u00e9 le Canada. Harry est devenu un mentor pour les jeunes et une source d&#8217;inspiration pour tous les Canadiens. Il a re\u00e7u l&#8217;Ordre du Canada et a \u00e9t\u00e9 nomm\u00e9 athl\u00e8te du si\u00e8cle de la Colombie-Britannique.<\/p>\n<p>L&#8217;Achilles International Track Society invite JOS \u00e0 pr\u00e9senter ses jeunes athl\u00e8tes lors de son Harry Jerome International Track Classic. Les enfants de JOS participent \u00e0 des relais d&#8217;exhibition et concourent devant des milliers de spectateurs enthousiastes. C&#8217;est une exp\u00e9rience vraiment magique et inspirante pour ces enfants, leurs familles et leurs enseignants, car les enfants partagent la piste avec des athl\u00e8tes internationaux et olympiques.<\/p>\n<p>La Jerome Outreach Society propose ses programmes sportifs depuis 2007. Elle collecte des fonds aupr\u00e8s d&#8217;organisations philanthropiques, d&#8217;entreprises et d&#8217;organismes gouvernementaux. De plus amples informations, notamment les coordonn\u00e9es, sont disponibles sur le <a href=\"https:\/\/jeromeoutreach.com\/home\" target=\"_blank\" rel=\"noopener\">site web<\/a> de la Jerome Outreach Society.<\/p>\n<p>[\/et_pb_text][et_pb_image src=&#8221;https:\/\/thejeromeclassic.ca\/fr\/wp-content\/uploads\/2026\/01\/CarletonElementarySchool-Vancouver.jpeg&#8221; title_text=&#8221;CarletonElementarySchool-Vancouver&#8221; _builder_version=&#8221;4.24.0&#8243; _module_preset=&#8221;default&#8221; global_colors_info=&#8221;{}&#8221;][\/et_pb_image][et_pb_text admin_label=&#8221;Text&#8221; _builder_version=&#8221;4.24.0&#8243; text_font=&#8221;Karma|600|||||||&#8221; text_text_color=&#8221;#434343&#8243; header_2_text_color=&#8221;#434343&#8243; background_color=&#8221;#f7f7f7&#8243; background_size=&#8221;initial&#8221; background_position=&#8221;top_left&#8221; background_repeat=&#8221;repeat&#8221; max_width=&#8221;1080px&#8221; max_width_tablet=&#8221;&#8221; max_width_phone=&#8221;&#8221; max_width_last_edited=&#8221;on|phone&#8221; module_alignment=&#8221;left&#8221; custom_margin=&#8221;-10px||||false|false&#8221; custom_padding=&#8221;35px|35px|35px|35px|true|true&#8221; global_colors_info=&#8221;{}&#8221;]<\/p>\n<h3 style=\"text-align: center;\">Le sport sauve des vies, telle est notre devise ; notre mission consiste \u00e0 inciter les enfants \u00e0 risque \u00e0 pratiquer un sport.<\/h3>\n<p style=\"text-align: center;\">Le sport leur apporte discipline, sant\u00e9, mentorat, leadership, confiance en soi&#8230; autant de qualit\u00e9s qui les aident \u00e0 naviguer \u00e0 travers les dangers des quartiers d\u00e9favoris\u00e9s.<\/p>\n<p>[\/et_pb_text][et_pb_image src=&#8221;https:\/\/thejeromeclassic.ca\/fr\/wp-content\/uploads\/2026\/01\/JeromeOutreach-CarletonElementary.jpg&#8221; title_text=&#8221;JeromeOutreach-CarletonElementary&#8221; _builder_version=&#8221;4.24.0&#8243; _module_preset=&#8221;default&#8221; global_colors_info=&#8221;{}&#8221;][\/et_pb_image][\/et_pb_column][\/et_pb_row][et_pb_row column_structure=&#8221;1_2,1_2&#8243; _builder_version=&#8221;4.24.0&#8243; _module_preset=&#8221;default&#8221; global_colors_info=&#8221;{}&#8221;][et_pb_column type=&#8221;1_2&#8243; _builder_version=&#8221;4.24.0&#8243; _module_preset=&#8221;default&#8221; global_colors_info=&#8221;{}&#8221;][et_pb_number_counter title=&#8221;KIDS&#8221; number=&#8221;2000&#8243; percent_sign=&#8221;off&#8221; _builder_version=&#8221;4.24.0&#8243; _module_preset=&#8221;default&#8221; number_font=&#8221;|700|||||||&#8221; number_text_color=&#8221;#e23442&#8243; global_colors_info=&#8221;{}&#8221;][\/et_pb_number_counter][\/et_pb_column][et_pb_column type=&#8221;1_2&#8243; _builder_version=&#8221;4.24.0&#8243; _module_preset=&#8221;default&#8221; global_colors_info=&#8221;{}&#8221;][et_pb_number_counter title=&#8221;COACHES&#8221; number=&#8221;40&#8243; percent_sign=&#8221;off&#8221; _builder_version=&#8221;4.24.0&#8243; _module_preset=&#8221;default&#8221; number_font=&#8221;|700|||||||&#8221; number_text_color=&#8221;#e23442&#8243; global_colors_info=&#8221;{}&#8221;][\/et_pb_number_counter][\/et_pb_column][\/et_pb_row][\/et_pb_section][et_pb_section fb_built=&#8221;1&#8243; admin_label=&#8221;Links&#8221; _builder_version=&#8221;4.16&#8243; background_color=&#8221;#ffffff&#8221; background_color_gradient_direction=&#8221;90deg&#8221; max_height=&#8221;700px&#8221; max_height_tablet=&#8221;&#8221; max_height_phone=&#8221;&#8221; max_height_last_edited=&#8221;on|desktop&#8221; custom_padding=&#8221;0px|0px|0px|0px&#8221; border_color_all=&#8221;#ffffff&#8221; global_colors_info=&#8221;{}&#8221;][et_pb_row column_structure=&#8221;1_2,1_2&#8243; use_custom_gutter=&#8221;on&#8221; gutter_width=&#8221;1&#8243; make_equal=&#8221;on&#8221; custom_padding_last_edited=&#8221;on|phone&#8221; admin_label=&#8221;Links Row 1&#8243; module_class=&#8221; et_pb_row_fullwidth&#8221; _builder_version=&#8221;4.24.0&#8243; background_color=&#8221;#ffffff&#8221; background_enable_image=&#8221;off&#8221; width=&#8221;100%&#8221; width_tablet=&#8221;100%&#8221; width_phone=&#8221;&#8221; width_last_edited=&#8221;on|desktop&#8221; max_width=&#8221;100%&#8221; max_width_tablet=&#8221;100%&#8221; max_width_phone=&#8221;&#8221; max_width_last_edited=&#8221;on|phone&#8221; min_height=&#8221;350px&#8221; custom_margin=&#8221;|||&#8221; custom_padding=&#8221;10px||0px||false|false&#8221; custom_padding_tablet=&#8221;||5px||false|false&#8221; custom_padding_phone=&#8221;||5px||false|false&#8221; animation_style=&#8221;fade&#8221; animation_duration=&#8221;500ms&#8221; border_color_all=&#8221;#ffffff&#8221; border_width_top=&#8221;5px&#8221; border_width_bottom=&#8221;5px&#8221; border_color_bottom=&#8221;#ffffff&#8221; border_width_top_tablet=&#8221;0px&#8221; border_width_top_phone=&#8221;&#8221; border_width_top_last_edited=&#8221;on|phone&#8221; border_width_bottom_last_edited=&#8221;off|desktop&#8221; make_fullwidth=&#8221;on&#8221; global_colors_info=&#8221;{}&#8221;][et_pb_column type=&#8221;1_2&#8243; _builder_version=&#8221;4.24.0&#8243; background_color=&#8221;#434343&#8243; background_image=&#8221;https:\/\/thejeromeclassic.ca\/fr\/wp-content\/uploads\/2023\/12\/105-2016-IMG_3447-race.track-mktgfc-RUNVAN-scaled.jpg&#8221; background_blend=&#8221;overlay&#8221; link_option_url=&#8221;\/fr\/billets&#8221; border_color_all=&#8221;#ffffff&#8221; border_width_right=&#8221;5px&#8221; border_width_right_tablet=&#8221;0px&#8221; border_width_right_phone=&#8221;&#8221; border_width_right_last_edited=&#8221;on|phone&#8221; border_width_bottom_tablet=&#8221;10px&#8221; border_width_bottom_phone=&#8221;&#8221; border_width_bottom_last_edited=&#8221;on|phone&#8221; border_width_left_tablet=&#8221;&#8221; border_width_left_phone=&#8221;&#8221; border_width_left_last_edited=&#8221;on|desktop&#8221; global_colors_info=&#8221;{}&#8221; custom_padding__hover=&#8221;|||&#8221; border_color_bottom__hover_enabled=&#8221;on|desktop&#8221; background__hover_enabled=&#8221;on|hover&#8221; background_color__hover=&#8221;#303030&#8243; background_enable_color__hover=&#8221;on&#8221;][et_pb_text _builder_version=&#8221;4.24.0&#8243; header_2_text_align=&#8221;right&#8221; header_2_text_color=&#8221;#ffffff&#8221; width=&#8221;80%&#8221; module_alignment=&#8221;center&#8221; custom_padding=&#8221;150px||150px||true|false&#8221; global_colors_info=&#8221;{}&#8221;]<\/p>\n<h2>Billets \u2014<\/h2>\n<p>[\/et_pb_text][\/et_pb_column][et_pb_column type=&#8221;1_2&#8243; _builder_version=&#8221;4.24.0&#8243; background_image=&#8221;https:\/\/thejeromeclassic.ca\/fr\/wp-content\/uploads\/2023\/12\/100-2017-IMG_4540-AD.copy-mktgfc-RUNVAN-scaled.jpg&#8221; custom_padding=&#8221;|||&#8221; link_option_url=&#8221;\/fr\/propos&#8221; border_color_top=&#8221;#ffffff&#8221; border_color_right=&#8221;#ffffff&#8221; border_width_left=&#8221;5px&#8221; border_color_left=&#8221;#ffffff&#8221; border_width_top_tablet=&#8221;0px&#8221; border_width_top_phone=&#8221;&#8221; border_width_top_last_edited=&#8221;on|phone&#8221; border_width_right_tablet=&#8221;&#8221; border_width_right_phone=&#8221;&#8221; border_width_right_last_edited=&#8221;on|desktop&#8221; border_width_left_tablet=&#8221;0px&#8221; border_width_left_phone=&#8221;&#8221; border_width_left_last_edited=&#8221;on|desktop&#8221; global_colors_info=&#8221;{}&#8221; custom_padding__hover=&#8221;|||&#8221; border_color_right__hover_enabled=&#8221;on|desktop&#8221; border_color_right__hover=&#8221;#ffffff&#8221;][et_pb_divider show_divider=&#8221;off&#8221; _builder_version=&#8221;4.16&#8243; custom_padding=&#8221;165px||165px||true|false&#8221; global_colors_info=&#8221;{}&#8221;][\/et_pb_divider][\/et_pb_column][\/et_pb_row][et_pb_row column_structure=&#8221;1_2,1_2&#8243; use_custom_gutter=&#8221;on&#8221; gutter_width=&#8221;1&#8243; make_equal=&#8221;on&#8221; custom_padding_last_edited=&#8221;on|desktop&#8221; admin_label=&#8221;Links Row 2&#8243; module_class=&#8221; et_pb_row_fullwidth&#8221; _builder_version=&#8221;4.16&#8243; background_color=&#8221;#ffffff&#8221; background_enable_image=&#8221;off&#8221; width=&#8221;100%&#8221; width_tablet=&#8221;100%&#8221; width_phone=&#8221;&#8221; width_last_edited=&#8221;on|desktop&#8221; max_width=&#8221;100%&#8221; max_width_tablet=&#8221;100%&#8221; max_width_phone=&#8221;&#8221; max_width_last_edited=&#8221;on|phone&#8221; min_height=&#8221;350px&#8221; custom_margin=&#8221;|||&#8221; custom_padding=&#8221;0px||10px||false|false&#8221; custom_padding_tablet=&#8221;&#8221; custom_padding_phone=&#8221;&#8221; animation_style=&#8221;fade&#8221; animation_duration=&#8221;500ms&#8221; border_color_all=&#8221;#ffffff&#8221; border_width_top=&#8221;5px&#8221; border_width_bottom=&#8221;5px&#8221; border_color_bottom=&#8221;#ffffff&#8221; border_width_top_tablet=&#8221;0px&#8221; border_width_top_phone=&#8221;&#8221; border_width_top_last_edited=&#8221;on|desktop&#8221; border_width_bottom_last_edited=&#8221;off|desktop&#8221; border_color_bottom_last_edited=&#8221;off|desktop&#8221; make_fullwidth=&#8221;on&#8221; global_colors_info=&#8221;{}&#8221;][et_pb_column type=&#8221;1_2&#8243; _builder_version=&#8221;4.16&#8243; background_image=&#8221;https:\/\/thejeromeclassic.ca\/fr\/wp-content\/uploads\/2023\/12\/30-LJ-M-2017-IMG_0950-DW-mktgfc-RUNVAN-scaled.jpg&#8221; border_color_all=&#8221;#ffffff&#8221; border_width_right=&#8221;5px&#8221; border_width_right_tablet=&#8221;0px&#8221; border_width_right_phone=&#8221;0px&#8221; border_width_right_last_edited=&#8221;on|tablet&#8221; border_width_bottom_tablet=&#8221;10px&#8221; border_width_bottom_phone=&#8221;&#8221; border_width_bottom_last_edited=&#8221;on|phone&#8221; border_width_left_tablet=&#8221;&#8221; border_width_left_phone=&#8221;&#8221; border_width_left_last_edited=&#8221;on|desktop&#8221; global_colors_info=&#8221;{}&#8221; custom_padding__hover=&#8221;|||&#8221; border_color_bottom__hover_enabled=&#8221;on|desktop&#8221;][et_pb_divider show_divider=&#8221;off&#8221; _builder_version=&#8221;4.16&#8243; custom_padding=&#8221;165px||165px||true|false&#8221; global_colors_info=&#8221;{}&#8221;][\/et_pb_divider][\/et_pb_column][et_pb_column type=&#8221;1_2&#8243; _builder_version=&#8221;4.16&#8243; background_color=&#8221;#434343&#8243; background_image=&#8221;https:\/\/thejeromeclassic.ca\/fr\/wp-content\/uploads\/2023\/12\/105-2016-IMG_3157-sc-mktgfc-RUNVAN-scaled.jpg&#8221; background_blend=&#8221;overlay&#8221; custom_padding=&#8221;|||&#8221; link_option_url=&#8221;\/about&#8221; border_color_top=&#8221;#ffffff&#8221; border_color_right=&#8221;#ffffff&#8221; border_width_left=&#8221;5px&#8221; border_color_left=&#8221;#ffffff&#8221; border_width_top_tablet=&#8221;0px&#8221; border_width_top_phone=&#8221;&#8221; border_width_top_last_edited=&#8221;on|phone&#8221; border_width_right_tablet=&#8221;&#8221; border_width_right_phone=&#8221;&#8221; border_width_right_last_edited=&#8221;on|tablet&#8221; border_width_left_tablet=&#8221;0px&#8221; border_width_left_phone=&#8221;&#8221; border_width_left_last_edited=&#8221;on|desktop&#8221; global_colors_info=&#8221;{}&#8221; custom_padding__hover=&#8221;|||&#8221; border_color_right__hover_enabled=&#8221;on|desktop&#8221; background__hover_enabled=&#8221;on|hover&#8221; background_color__hover=&#8221;#303030&#8243; background_enable_color__hover=&#8221;on&#8221; border_color_right__hover=&#8221;#ffffff&#8221;][et_pb_text _builder_version=&#8221;4.24.0&#8243; header_2_text_align=&#8221;right&#8221; header_2_text_color=&#8221;#ffffff&#8221; width=&#8221;80%&#8221; module_alignment=&#8221;center&#8221; custom_padding=&#8221;150px||150px||true|false&#8221; link_option_url=&#8221;\/fr\/propos&#8221; global_colors_info=&#8221;{}&#8221;]<\/p>\n<h2>\u00e0 propos \u2014<\/h2>\n<p>[\/et_pb_text][\/et_pb_column][\/et_pb_row][\/et_pb_section]<\/p>\n","protected":false},"excerpt":{"rendered":"<p>LE SPORT SAUVE DES VIESL&#8217;Achilles International Track Society soutient la Jerome Outreach Society (JOS). La JOS engage des entra\u00eeneurs professionnels et des athl\u00e8tes universitaires pour enseigner le basket-ball, l&#8217;athl\u00e9tisme, le football, l&#8217;ultimate frisbee et la course de fond dans les \u00e9coles et les centres communautaires des quartiers d\u00e9favoris\u00e9s de Vancouver. Les \u00e9coles, les centres communautaires [&hellip;]<\/p>\n","protected":false},"author":1,"featured_media":43122,"parent":0,"menu_order":0,"comment_status":"closed","ping_status":"closed","template":"","meta":{"_et_pb_use_builder":"on","_et_pb_old_content":"","_et_gb_content_width":"","footnotes":""},"_links":{"self":[{"href":"https:\/\/thejeromeclassic.ca\/fr\/wp-json\/wp\/v2\/pages\/43112"}],"collection":[{"href":"https:\/\/thejeromeclassic.ca\/fr\/wp-json\/wp\/v2\/pages"}],"about":[{"href":"https:\/\/thejeromeclassic.ca\/fr\/wp-json\/wp\/v2\/types\/page"}],"author":[{"embeddable":true,"href":"https:\/\/thejeromeclassic.ca\/fr\/wp-json\/wp\/v2\/users\/1"}],"replies":[{"embeddable":true,"href":"https:\/\/thejeromeclassic.ca\/fr\/wp-json\/wp\/v2\/comments?post=43112"}],"version-history":[{"count":16,"href":"https:\/\/thejeromeclassic.ca\/fr\/wp-json\/wp\/v2\/pages\/43112\/revisions"}],"predecessor-version":[{"id":43213,"href":"https:\/\/thejeromeclassic.ca\/fr\/wp-json\/wp\/v2\/pages\/43112\/revisions\/43213"}],"wp:featuredmedia":[{"embeddable":true,"href":"https:\/\/thejeromeclassic.ca\/fr\/wp-json\/wp\/v2\/media\/43122"}],"wp:attachment":[{"href":"https:\/\/thejeromeclassic.ca\/fr\/wp-json\/wp\/v2\/media?parent=43112"}],"curies":[{"name":"wp","href":"https:\/\/api.w.org\/{rel}","templated":true}]}}