{"id":42563,"date":"2024-03-27T16:29:45","date_gmt":"2024-03-27T20:29:45","guid":{"rendered":"https:\/\/thejeromeclassic.ca\/?page_id=42563"},"modified":"2026-01-02T14:37:08","modified_gmt":"2026-01-02T19:37:08","slug":"hotels","status":"publish","type":"page","link":"https:\/\/thejeromeclassic.ca\/fr\/hotels\/","title":{"rendered":"Hotels"},"content":{"rendered":"<p>[et_pb_section fb_built=&#8221;1&#8243; fullwidth=&#8221;on&#8221; admin_label=&#8221;Header&#8221; _builder_version=&#8221;4.16&#8243; background_color=&#8221;#000000&#8243; custom_margin=&#8221;-60px||||false|false&#8221; custom_padding=&#8221;|||&#8221; locked=&#8221;off&#8221; global_colors_info=&#8221;{}&#8221; theme_builder_area=&#8221;post_content&#8221;][et_pb_fullwidth_header title=&#8221;Sp\u00e9cialit\u00e9s h\u00f4teli\u00e8res&#8221; text_orientation=&#8221;center&#8221; background_overlay_color=&#8221;rgba(34,68,135,0.65)&#8221; content_max_width_last_edited=&#8221;off|desktop&#8221; admin_label=&#8221;Page Title&#8221; _builder_version=&#8221;4.16&#8243; title_font=&#8221;Oswald|600||on|||||&#8221; title_text_align=&#8221;center&#8221; title_text_color=&#8221;#ffffff&#8221; title_font_size=&#8221;80px&#8221; title_letter_spacing=&#8221;0.05em&#8221; title_line_height=&#8221;1.5em&#8221; content_font=&#8221;Khula|600|||||||&#8221; subhead_font=&#8221;Khula|700||on|||||&#8221; subhead_text_align=&#8221;center&#8221; subhead_text_color=&#8221;#ffffff&#8221; subhead_font_size=&#8221;20px&#8221; subhead_letter_spacing=&#8221;1px&#8221; subhead_line_height=&#8221;1.9em&#8221; background_color=&#8221;rgba(255,255,255,0)&#8221; background_image=&#8221;https:\/\/thejeromeclassic.ca\/fr\/wp-content\/uploads\/2024\/01\/00.M.JC-BCSFH-6451.23-HarryJerome-BCSportofHallFame-RUNVAN.jpg&#8221; parallax=&#8221;on&#8221; parallax_method=&#8221;on&#8221; custom_button_one=&#8221;on&#8221; button_one_text_size=&#8221;15px&#8221; button_one_bg_color=&#8221;#dca57d&#8221; button_one_border_width=&#8221;10px&#8221; button_one_border_color=&#8221;#dca57d&#8221; button_one_border_radius=&#8221;0px&#8221; button_one_letter_spacing=&#8221;3px&#8221; button_one_font=&#8221;Oswald|||on|&#8221; button_one_use_icon=&#8221;off&#8221; custom_margin=&#8221;||||false|false&#8221; custom_padding=&#8221;7%||3%||false|false&#8221; title_font_size_tablet=&#8221;60px&#8221; title_font_size_phone=&#8221;40px&#8221; title_font_size_last_edited=&#8221;on|phone&#8221; subhead_font_size_tablet=&#8221;&#8221; subhead_font_size_phone=&#8221;18px&#8221; subhead_font_size_last_edited=&#8221;on|phone&#8221; button_one_border_color_hover=&#8221;#c99872&#8243; button_one_border_radius_hover=&#8221;0px&#8221; button_one_letter_spacing_hover=&#8221;3px&#8221; button_one_bg_color_hover=&#8221;#c99872&#8243; global_colors_info=&#8221;{}&#8221; button_one_text_size__hover_enabled=&#8221;off&#8221; button_two_text_size__hover_enabled=&#8221;off&#8221; button_one_text_color__hover_enabled=&#8221;off&#8221; button_two_text_color__hover_enabled=&#8221;off&#8221; button_one_border_width__hover_enabled=&#8221;off&#8221; button_two_border_width__hover_enabled=&#8221;off&#8221; button_one_border_color__hover_enabled=&#8221;on&#8221; button_one_border_color__hover=&#8221;#c99872&#8243; button_two_border_color__hover_enabled=&#8221;off&#8221; button_one_border_radius__hover_enabled=&#8221;on&#8221; button_one_border_radius__hover=&#8221;0px&#8221; button_two_border_radius__hover_enabled=&#8221;off&#8221; button_one_letter_spacing__hover_enabled=&#8221;on&#8221; button_one_letter_spacing__hover=&#8221;3px&#8221; button_two_letter_spacing__hover_enabled=&#8221;off&#8221; button_one_bg_color__hover_enabled=&#8221;on&#8221; button_one_bg_color__hover=&#8221;#c99872&#8243; button_two_bg_color__hover_enabled=&#8221;off&#8221; theme_builder_area=&#8221;post_content&#8221;][\/et_pb_fullwidth_header][\/et_pb_section][et_pb_section fb_built=&#8221;1&#8243; admin_label=&#8221;#host&#8221; module_id=&#8221;host&#8221; _builder_version=&#8221;4.24.0&#8243; custom_padding=&#8221;100px|0px|100px|0px&#8221; global_colors_info=&#8221;{}&#8221; theme_builder_area=&#8221;post_content&#8221;][et_pb_row column_structure=&#8221;1_2,1_2&#8243; admin_label=&#8221;Row&#8221; _builder_version=&#8221;4.16&#8243; module_alignment=&#8221;center&#8221; custom_padding=&#8221;|||&#8221; global_colors_info=&#8221;{}&#8221; theme_builder_area=&#8221;post_content&#8221;][et_pb_column type=&#8221;1_2&#8243; _builder_version=&#8221;4.16&#8243; custom_padding=&#8221;|||&#8221; global_colors_info=&#8221;{}&#8221; custom_padding__hover=&#8221;|||&#8221; theme_builder_area=&#8221;post_content&#8221;][et_pb_text admin_label=&#8221;Title&#8221; _builder_version=&#8221;4.24.0&#8243; text_font=&#8221;||||||||&#8221; header_font=&#8221;||||||||&#8221; header_2_text_align=&#8221;center&#8221; header_3_font=&#8221;Montserrat|700|||||||&#8221; header_3_text_color=&#8221;#d6d6d6&#8243; max_width=&#8221;600px&#8221; module_alignment=&#8221;left&#8221; global_colors_info=&#8221;{}&#8221; theme_builder_area=&#8221;post_content&#8221;]<\/p>\n<h6>Rencontrer des h\u00f4tels<\/h6>\n<p>[\/et_pb_text][et_pb_text admin_label=&#8221;Title&#8221; _builder_version=&#8221;4.24.0&#8243; text_font=&#8221;||||||||&#8221; header_font=&#8221;||||||||&#8221; header_2_text_align=&#8221;left&#8221; max_width=&#8221;600px&#8221; module_alignment=&#8221;left&#8221; hover_enabled=&#8221;0&#8243; global_colors_info=&#8221;{}&#8221; theme_builder_area=&#8221;post_content&#8221; sticky_enabled=&#8221;0&#8243;]<\/p>\n<h2>H\u00f4tels h\u00f4tes<\/h2>\n<p>[\/et_pb_text][et_pb_text disabled_on=&#8221;off|off|off&#8221; admin_label=&#8221;Description&#8221; _builder_version=&#8221;4.24.0&#8243; header_font=&#8221;Oswald||||&#8221; header_font_size=&#8221;16px&#8221; header_letter_spacing=&#8221;2px&#8221; header_line_height=&#8221;1.7em&#8221; max_width=&#8221;1200px&#8221; max_width_tablet=&#8221;&#8221; max_width_phone=&#8221;&#8221; max_width_last_edited=&#8221;on|phone&#8221; module_alignment=&#8221;center&#8221; custom_margin=&#8221;-25px||||false|false&#8221; hover_enabled=&#8221;0&#8243; global_colors_info=&#8221;{}&#8221; theme_builder_area=&#8221;post_content&#8221; sticky_enabled=&#8221;0&#8243;]<\/p>\n<p><b>Delta Hotels Burnaby Conference Centre<\/b><\/p>\n<p>4331 Dominion Street Burnaby, BC, V5G 1C7<\/p>\n<p>\u00c0 partir de 320 $ la nuit\u00a0; offre promotionnelle disponible via le lien ci-dessous.<\/p>\n<p><em>Tarifs de groupe valables uniquement pendant les dates de l&#8217;\u00e9v\u00e9nement\u00a0:<br \/>Du dimanche 12 juillet au mercredi 15 juillet 2026<\/em><\/p>\n<p>[\/et_pb_text][et_pb_button button_url=&#8221;https:\/\/bit.ly\/JCHotelMarriott&#8221; button_text=&#8221;R\u00e9server &#8211; Bient\u00f4t&#8221; button_alignment=&#8221;left&#8221; button_alignment_tablet=&#8221;center&#8221; button_alignment_phone=&#8221;&#8221; button_alignment_last_edited=&#8221;on|desktop&#8221; _builder_version=&#8221;4.24.0&#8243; button_font=&#8221;Oswald|||on|&#8221; custom_margin=&#8221;30px|||&#8221; custom_padding=&#8221;|||&#8221; animation_duration=&#8221;500ms&#8221; animation_delay=&#8221;400ms&#8221; hover_enabled=&#8221;0&#8243; global_colors_info=&#8221;{}&#8221; button_border_color__hover=&#8221;&#8221; button_border_color__hover_enabled=&#8221;on|hover&#8221; button_border_radius__hover=&#8221;0px&#8221; button_border_radius__hover_enabled=&#8221;on&#8221; button_letter_spacing__hover=&#8221;3px&#8221; button_letter_spacing__hover_enabled=&#8221;on&#8221; theme_builder_area=&#8221;post_content&#8221; sticky_enabled=&#8221;0&#8243;][\/et_pb_button][et_pb_button button_url=&#8221;#meet&#8221; button_text=&#8221;H\u00f4tel Athlete Event &#8221; button_alignment=&#8221;left&#8221; button_alignment_tablet=&#8221;center&#8221; button_alignment_phone=&#8221;&#8221; button_alignment_last_edited=&#8221;on|desktop&#8221; admin_label=&#8221;Button&#8221; _builder_version=&#8221;4.24.0&#8243; button_font=&#8221;Oswald|||on|&#8221; custom_margin=&#8221;30px|||&#8221; custom_padding=&#8221;|||&#8221; animation_duration=&#8221;500ms&#8221; animation_delay=&#8221;400ms&#8221; global_colors_info=&#8221;{}&#8221; button_border_color__hover=&#8221;&#8221; button_border_color__hover_enabled=&#8221;on|hover&#8221; button_border_radius__hover=&#8221;0px&#8221; button_border_radius__hover_enabled=&#8221;on&#8221; button_letter_spacing__hover=&#8221;3px&#8221; button_letter_spacing__hover_enabled=&#8221;on&#8221; theme_builder_area=&#8221;post_content&#8221;][\/et_pb_button][\/et_pb_column][et_pb_column type=&#8221;1_2&#8243; _builder_version=&#8221;4.16&#8243; custom_padding=&#8221;|||&#8221; global_colors_info=&#8221;{}&#8221; custom_padding__hover=&#8221;|||&#8221; theme_builder_area=&#8221;post_content&#8221;][et_pb_text admin_label=&#8221;Title&#8221; _builder_version=&#8221;4.24.0&#8243; text_font=&#8221;||||||||&#8221; header_font=&#8221;||||||||&#8221; header_2_text_align=&#8221;center&#8221; header_3_font=&#8221;Montserrat|700|||||||&#8221; header_3_text_color=&#8221;#d6d6d6&#8243; max_width=&#8221;600px&#8221; module_alignment=&#8221;left&#8221; global_colors_info=&#8221;{}&#8221; theme_builder_area=&#8221;post_content&#8221;]<\/p>\n<h6>H\u00f4tels d&#8217;accueil<\/h6>\n<p>[\/et_pb_text][et_pb_text admin_label=&#8221;Title&#8221; _builder_version=&#8221;4.24.0&#8243; text_font=&#8221;||||||||&#8221; header_font=&#8221;||||||||&#8221; header_2_text_align=&#8221;left&#8221; max_width=&#8221;600px&#8221; module_alignment=&#8221;left&#8221; hover_enabled=&#8221;0&#8243; global_colors_info=&#8221;{}&#8221; theme_builder_area=&#8221;post_content&#8221; sticky_enabled=&#8221;0&#8243;]<\/p>\n<h2>H\u00f4tels h\u00f4tes<\/h2>\n<p>[\/et_pb_text][et_pb_text disabled_on=&#8221;off|off|off&#8221; admin_label=&#8221;Description&#8221; _builder_version=&#8221;4.24.0&#8243; header_font=&#8221;Oswald||||&#8221; header_font_size=&#8221;16px&#8221; header_letter_spacing=&#8221;2px&#8221; header_line_height=&#8221;1.7em&#8221; max_width=&#8221;1200px&#8221; max_width_tablet=&#8221;&#8221; max_width_phone=&#8221;&#8221; max_width_last_edited=&#8221;on|phone&#8221; module_alignment=&#8221;center&#8221; custom_margin=&#8221;-25px||||false|false&#8221; hover_enabled=&#8221;0&#8243; global_colors_info=&#8221;{}&#8221; theme_builder_area=&#8221;post_content&#8221; sticky_enabled=&#8221;0&#8243;]<strong>Element Vancouver Metrotown<\/strong><\/p>\n<p>5988 Willingdon Ave, Burnaby, BC V5H 4V8<\/p>\n<p><em>\u00c0 partir de 329 $ la nuit (prix \u00e0 confirmer), restez \u00e0 l&#8217;\u00e9coute<\/em>[\/et_pb_text][et_pb_button button_url=&#8221;#&#8221; button_text=&#8221;\u00e0 venir&#8221; button_alignment=&#8221;left&#8221; button_alignment_tablet=&#8221;center&#8221; button_alignment_phone=&#8221;&#8221; button_alignment_last_edited=&#8221;on|desktop&#8221; _builder_version=&#8221;4.24.0&#8243; button_font=&#8221;Oswald|||on|&#8221; custom_margin=&#8221;30px|||&#8221; custom_padding=&#8221;|||&#8221; animation_duration=&#8221;500ms&#8221; animation_delay=&#8221;400ms&#8221; hover_enabled=&#8221;0&#8243; global_colors_info=&#8221;{}&#8221; button_border_color__hover=&#8221;&#8221; button_border_color__hover_enabled=&#8221;on|hover&#8221; button_border_radius__hover=&#8221;0px&#8221; button_border_radius__hover_enabled=&#8221;on&#8221; button_letter_spacing__hover=&#8221;3px&#8221; button_letter_spacing__hover_enabled=&#8221;on&#8221; theme_builder_area=&#8221;post_content&#8221; sticky_enabled=&#8221;0&#8243;][\/et_pb_button][et_pb_button button_url=&#8221;\/fr\/billets&#8221; button_text=&#8221;Billets pour les spectateurs&#8221; button_alignment=&#8221;left&#8221; button_alignment_tablet=&#8221;center&#8221; button_alignment_phone=&#8221;&#8221; button_alignment_last_edited=&#8221;on|desktop&#8221; _builder_version=&#8221;4.24.0&#8243; button_font=&#8221;Oswald|||on|&#8221; custom_margin=&#8221;30px|||&#8221; custom_padding=&#8221;|||&#8221; animation_duration=&#8221;500ms&#8221; animation_delay=&#8221;400ms&#8221; global_colors_info=&#8221;{}&#8221; button_border_color__hover=&#8221;&#8221; button_border_color__hover_enabled=&#8221;on|hover&#8221; button_border_radius__hover=&#8221;0px&#8221; button_border_radius__hover_enabled=&#8221;on&#8221; button_letter_spacing__hover=&#8221;3px&#8221; button_letter_spacing__hover_enabled=&#8221;on&#8221; theme_builder_area=&#8221;post_content&#8221;][\/et_pb_button][\/et_pb_column][\/et_pb_row][\/et_pb_section][et_pb_section fb_built=&#8221;1&#8243; admin_label=&#8221;#meet&#8221; module_id=&#8221;meet&#8221; _builder_version=&#8221;4.24.0&#8243; custom_padding=&#8221;100px|0px|100px|0px&#8221; global_colors_info=&#8221;{}&#8221; theme_builder_area=&#8221;post_content&#8221;][et_pb_row admin_label=&#8221;Row&#8221; _builder_version=&#8221;4.16&#8243; module_alignment=&#8221;center&#8221; custom_padding=&#8221;|||&#8221; global_colors_info=&#8221;{}&#8221; theme_builder_area=&#8221;post_content&#8221;][et_pb_column type=&#8221;4_4&#8243; _builder_version=&#8221;4.16&#8243; custom_padding=&#8221;|||&#8221; global_colors_info=&#8221;{}&#8221; custom_padding__hover=&#8221;|||&#8221; theme_builder_area=&#8221;post_content&#8221;][et_pb_text admin_label=&#8221;Title&#8221; _builder_version=&#8221;4.24.0&#8243; text_font=&#8221;||||||||&#8221; header_font=&#8221;||||||||&#8221; header_2_text_align=&#8221;center&#8221; header_3_font=&#8221;Montserrat|700|||||||&#8221; header_3_text_color=&#8221;#d6d6d6&#8243; max_width=&#8221;600px&#8221; module_alignment=&#8221;left&#8221; global_colors_info=&#8221;{}&#8221; theme_builder_area=&#8221;post_content&#8221;]<\/p>\n<h6>Rencontrer des h\u00f4tels<\/h6>\n<p>[\/et_pb_text][et_pb_text admin_label=&#8221;Title&#8221; _builder_version=&#8221;4.24.0&#8243; text_font=&#8221;||||||||&#8221; header_font=&#8221;||||||||&#8221; header_2_text_align=&#8221;left&#8221; max_width=&#8221;600px&#8221; module_alignment=&#8221;left&#8221; global_colors_info=&#8221;{}&#8221; theme_builder_area=&#8221;post_content&#8221;]<\/p>\n<h2>Rencontrer des h\u00f4tels<\/h2>\n<p>[\/et_pb_text][et_pb_text disabled_on=&#8221;off|off|off&#8221; admin_label=&#8221;Description&#8221; _builder_version=&#8221;4.24.0&#8243; text_font=&#8221;Karma||||||||&#8221; header_font=&#8221;Oswald||||&#8221; header_font_size=&#8221;16px&#8221; header_letter_spacing=&#8221;2px&#8221; header_line_height=&#8221;1.7em&#8221; background_color=&#8221;#f7f7f7&#8243; max_width=&#8221;1200px&#8221; max_width_tablet=&#8221;&#8221; max_width_phone=&#8221;&#8221; max_width_last_edited=&#8221;on|phone&#8221; module_alignment=&#8221;center&#8221; custom_margin=&#8221;-25px||||false|false&#8221; custom_padding=&#8221;35px|35px|35px|35px|true|true&#8221; global_colors_info=&#8221;{}&#8221; theme_builder_area=&#8221;post_content&#8221;]<\/p>\n<p><space><\/space><\/p>\n<p>L&#8217;h\u00f4tel officiel de la comp\u00e9tition sera le <b>Delta Hotels Burnaby Conference Centre<\/b> situ\u00e9 au 4331 Dominion Street, Burnaby, British Columbia, Canada, V5G 1C7. Une navette reliera l&#8217;h\u00f4tel \u00e0 la piste d&#8217;athl\u00e9tisme pour les entra\u00eenements pr\u00e9c\u00e9dant la comp\u00e9tition le jeudi et le vendredi, ainsi que pour la comp\u00e9tition le samedi.<\/p>\n<p>Quelques athl\u00e8tes pourront \u00e9galement \u00eatre plac\u00e9s \u00e0 l&#8217;Element Vancouver Metrotown, 5988 Willingdon Ave, Burnaby.<\/p>\n<p>Les athl\u00e8tes qui ne re\u00e7oivent pas ou ne peuvent pas recevoir de soutien financier pour participer \u00e0 la comp\u00e9tition sont encourag\u00e9s \u00e0 r\u00e9server leur h\u00e9bergement d\u00e8s que possible, car les h\u00e9bergements \u00e0 Vancouver et \u00e0 Burnaby se remplissent rapidement.<\/p>\n<p>Si les \u00e9preuves du marteau et du disque ont lieu \u00e0 Langley, l&#8217;h\u00f4tel de la comp\u00e9tition sera le <strong>Sandman Hotel Langley<\/strong>, situ\u00e9 au 8855 202 St, Langley Township. <i>Cet h\u00f4tel est distinct du Sandman Signature.<\/i><\/p>\n<p>[\/et_pb_text][et_pb_text disabled_on=&#8221;off|off|off&#8221; admin_label=&#8221;Description&#8221; _builder_version=&#8221;4.24.0&#8243; text_font=&#8221;Karma||||||||&#8221; header_font=&#8221;Oswald||||&#8221; header_font_size=&#8221;16px&#8221; header_letter_spacing=&#8221;2px&#8221; header_line_height=&#8221;1.7em&#8221; background_color=&#8221;#f7f7f7&#8243; max_width=&#8221;1200px&#8221; max_width_tablet=&#8221;&#8221; max_width_phone=&#8221;&#8221; max_width_last_edited=&#8221;on|phone&#8221; module_alignment=&#8221;center&#8221; custom_margin=&#8221;-25px||||false|false&#8221; custom_padding=&#8221;35px|35px|35px|35px|true|true&#8221; global_colors_info=&#8221;{}&#8221; theme_builder_area=&#8221;post_content&#8221;]<\/p>\n<p><b>Navette pour la piste<\/b><\/p>\n<p>Un service de navette sera assur\u00e9 entre l&#8217;h\u00f4tel de la comp\u00e9tition et la piste d&#8217;athl\u00e9tisme pour les s\u00e9ances d&#8217;entra\u00eenement pr\u00e9-comp\u00e9tition ainsi pour la comp\u00e9tition proprement dite. Le bus fera des allers-retours entre l&#8217;h\u00f4tel Delta et le stade.<\/p>\n<p><b>Transferts depuis l&#8217;a\u00e9roport<\/b><\/p>\n<p>YVR (a\u00e9roport international de Vancouver) \u00e0 Richmond<\/p>\n<p>Arriv\u00e9es &#8211; Les athl\u00e8tes b\u00e9n\u00e9ficiant d&#8217;un soutien financier pour participer \u00e0 la comp\u00e9tition seront regroup\u00e9s avec d&#8217;autres athl\u00e8tes arrivant \u00e0 peu pr\u00e8s au m\u00eame moment et seront plac\u00e9s dans des minibus qui les conduiront \u00e0 l&#8217;h\u00f4tel de la comp\u00e9tition. De plus amples informations seront communiqu\u00e9es \u00e0 l&#8217;approche de la comp\u00e9tition.<\/p>\n<p>D\u00e9parts &#8211; un autobus partira de l&#8217;h\u00f4tel de comp\u00e9tition le matin suivant la comp\u00e9tition pour ramener les athl\u00e8tes \u00e0 YVR. L&#8217;heure sera d\u00e9termin\u00e9e une fois que plus de donn\u00e9es auront \u00e9t\u00e9 recueillies sur les heures de d\u00e9part des vols communs.<\/p>\n<p><space><\/space><\/p>\n<p>[\/et_pb_text][et_pb_button button_url=&#8221;\/fr\/propos&#8221; button_text=&#8221;En savoir plus sur la rencontre &#8221; button_alignment=&#8221;left&#8221; button_alignment_tablet=&#8221;center&#8221; button_alignment_phone=&#8221;&#8221; button_alignment_last_edited=&#8221;on|desktop&#8221; _builder_version=&#8221;4.24.0&#8243; button_font=&#8221;Oswald|||on|&#8221; custom_margin=&#8221;30px|||&#8221; custom_padding=&#8221;|||&#8221; animation_duration=&#8221;500ms&#8221; animation_delay=&#8221;400ms&#8221; global_colors_info=&#8221;{}&#8221; button_border_color__hover=&#8221;&#8221; button_border_color__hover_enabled=&#8221;on|hover&#8221; button_border_radius__hover=&#8221;0px&#8221; button_border_radius__hover_enabled=&#8221;on&#8221; button_letter_spacing__hover=&#8221;3px&#8221; button_letter_spacing__hover_enabled=&#8221;on&#8221; theme_builder_area=&#8221;post_content&#8221;][\/et_pb_button][\/et_pb_column][\/et_pb_row][\/et_pb_section][et_pb_section fb_built=&#8221;1&#8243; admin_label=&#8221;#summary&#8221; module_id=&#8221;summary&#8221; _builder_version=&#8221;4.16&#8243; background_color=&#8221;#ffffff&#8221; background_color_gradient_direction=&#8221;90deg&#8221; custom_padding=&#8221;0px|0px|0px|0px&#8221; hover_transition_duration=&#8221;0ms&#8221; border_color_all=&#8221;#ffffff&#8221; global_colors_info=&#8221;{}&#8221; theme_builder_area=&#8221;post_content&#8221;][\/et_pb_section]<\/p>\n","protected":false},"excerpt":{"rendered":"<p>Rencontrer des h\u00f4telsH\u00f4tels h\u00f4tesDelta Hotels Burnaby Conference Centre 4331 Dominion Street Burnaby, BC, V5G 1C7 \u00c0 partir de 320 $ la nuit\u00a0; offre promotionnelle disponible via le lien ci-dessous. Tarifs de groupe valables uniquement pendant les dates de l&#8217;\u00e9v\u00e9nement\u00a0:Du dimanche 12 juillet au mercredi 15 juillet 2026H\u00f4tels d&#8217;accueilH\u00f4tels h\u00f4tesElement Vancouver Metrotown 5988 Willingdon Ave, Burnaby, [&hellip;]<\/p>\n","protected":false},"author":1,"featured_media":0,"parent":0,"menu_order":0,"comment_status":"closed","ping_status":"closed","template":"","meta":{"_et_pb_use_builder":"on","_et_pb_old_content":"","_et_gb_content_width":"","footnotes":""},"_links":{"self":[{"href":"https:\/\/thejeromeclassic.ca\/fr\/wp-json\/wp\/v2\/pages\/42563"}],"collection":[{"href":"https:\/\/thejeromeclassic.ca\/fr\/wp-json\/wp\/v2\/pages"}],"about":[{"href":"https:\/\/thejeromeclassic.ca\/fr\/wp-json\/wp\/v2\/types\/page"}],"author":[{"embeddable":true,"href":"https:\/\/thejeromeclassic.ca\/fr\/wp-json\/wp\/v2\/users\/1"}],"replies":[{"embeddable":true,"href":"https:\/\/thejeromeclassic.ca\/fr\/wp-json\/wp\/v2\/comments?post=42563"}],"version-history":[{"count":14,"href":"https:\/\/thejeromeclassic.ca\/fr\/wp-json\/wp\/v2\/pages\/42563\/revisions"}],"predecessor-version":[{"id":43036,"href":"https:\/\/thejeromeclassic.ca\/fr\/wp-json\/wp\/v2\/pages\/42563\/revisions\/43036"}],"wp:attachment":[{"href":"https:\/\/thejeromeclassic.ca\/fr\/wp-json\/wp\/v2\/media?parent=42563"}],"curies":[{"name":"wp","href":"https:\/\/api.w.org\/{rel}","templated":true}]}}