{"id":42549,"date":"2024-03-27T13:45:28","date_gmt":"2024-03-27T17:45:28","guid":{"rendered":"https:\/\/thejeromeclassic.ca\/?page_id=42549"},"modified":"2026-01-02T14:10:39","modified_gmt":"2026-01-02T19:10:39","slug":"travelsmart","status":"publish","type":"page","link":"https:\/\/thejeromeclassic.ca\/fr\/travelsmart\/","title":{"rendered":"TravelSmart"},"content":{"rendered":"<p>[et_pb_section fb_built=&#8221;1&#8243; fullwidth=&#8221;on&#8221; admin_label=&#8221;Header&#8221; _builder_version=&#8221;4.24.0&#8243; background_color=&#8221;#000000&#8243; z_index=&#8221;1&#8243; custom_margin=&#8221;-60px||||false|false&#8221; custom_padding=&#8221;|||&#8221; locked=&#8221;off&#8221; global_colors_info=&#8221;{}&#8221; theme_builder_area=&#8221;post_content&#8221;][et_pb_fullwidth_header title=&#8221;TRAVELSMART&#8221; subhead=&#8221;The Jerome Classic&#8221; text_orientation=&#8221;center&#8221; background_overlay_color=&#8221;rgba(34,68,135,0.65)&#8221; content_max_width_last_edited=&#8221;off|desktop&#8221; admin_label=&#8221;Page Title&#8221; _builder_version=&#8221;4.24.0&#8243; title_font=&#8221;Oswald|600||on|||||&#8221; title_text_align=&#8221;center&#8221; title_text_color=&#8221;#ffffff&#8221; title_font_size=&#8221;80px&#8221; title_letter_spacing=&#8221;0.05em&#8221; title_line_height=&#8221;1.5em&#8221; content_font=&#8221;Khula|600|||||||&#8221; subhead_font=&#8221;Khula|700||on|||||&#8221; subhead_text_align=&#8221;center&#8221; subhead_text_color=&#8221;#ffffff&#8221; subhead_font_size=&#8221;20px&#8221; subhead_letter_spacing=&#8221;1px&#8221; subhead_line_height=&#8221;1.9em&#8221; background_color=&#8221;rgba(255,255,255,0)&#8221; background_image=&#8221;https:\/\/thejeromeclassic.ca\/fr\/wp-content\/uploads\/2023\/12\/20-SC-W-2023-BLC0851-BrianCliff-RUNVAN.jpg&#8221; parallax=&#8221;on&#8221; parallax_method=&#8221;on&#8221; custom_button_one=&#8221;on&#8221; button_one_text_size=&#8221;15px&#8221; button_one_bg_color=&#8221;#dca57d&#8221; button_one_border_width=&#8221;10px&#8221; button_one_border_color=&#8221;#dca57d&#8221; button_one_border_radius=&#8221;0px&#8221; button_one_letter_spacing=&#8221;3px&#8221; button_one_font=&#8221;Oswald|||on|&#8221; button_one_use_icon=&#8221;off&#8221; custom_margin=&#8221;||||false|false&#8221; custom_padding=&#8221;7%||3%||false|false&#8221; title_font_size_tablet=&#8221;60px&#8221; title_font_size_phone=&#8221;40px&#8221; title_font_size_last_edited=&#8221;on|phone&#8221; subhead_font_size_tablet=&#8221;&#8221; subhead_font_size_phone=&#8221;18px&#8221; subhead_font_size_last_edited=&#8221;on|phone&#8221; button_one_border_color_hover=&#8221;#c99872&#8243; button_one_border_radius_hover=&#8221;0px&#8221; button_one_letter_spacing_hover=&#8221;3px&#8221; button_one_bg_color_hover=&#8221;#c99872&#8243; global_colors_info=&#8221;{}&#8221; button_one_text_size__hover_enabled=&#8221;off&#8221; button_two_text_size__hover_enabled=&#8221;off&#8221; button_one_text_color__hover_enabled=&#8221;off&#8221; button_two_text_color__hover_enabled=&#8221;off&#8221; button_one_border_width__hover_enabled=&#8221;off&#8221; button_two_border_width__hover_enabled=&#8221;off&#8221; button_one_border_color__hover_enabled=&#8221;on&#8221; button_one_border_color__hover=&#8221;#c99872&#8243; button_two_border_color__hover_enabled=&#8221;off&#8221; button_one_border_radius__hover_enabled=&#8221;on&#8221; button_one_border_radius__hover=&#8221;0px&#8221; button_two_border_radius__hover_enabled=&#8221;off&#8221; button_one_letter_spacing__hover_enabled=&#8221;on&#8221; button_one_letter_spacing__hover=&#8221;3px&#8221; button_two_letter_spacing__hover_enabled=&#8221;off&#8221; button_one_bg_color__hover_enabled=&#8221;on&#8221; button_one_bg_color__hover=&#8221;#c99872&#8243; button_two_bg_color__hover_enabled=&#8221;off&#8221; theme_builder_area=&#8221;post_content&#8221;][\/et_pb_fullwidth_header][\/et_pb_section][et_pb_section fb_built=&#8221;1&#8243; admin_label=&#8221;#burnaby&#8221; module_id=&#8221;burnaby&#8221; _builder_version=&#8221;4.24.0&#8243; _module_preset=&#8221;default&#8221; global_colors_info=&#8221;{}&#8221; theme_builder_area=&#8221;post_content&#8221;][et_pb_row column_structure=&#8221;2_5,3_5&#8243; admin_label=&#8221;Row&#8221; _builder_version=&#8221;4.24.0&#8243; _module_preset=&#8221;default&#8221; custom_padding=&#8221;|||146px||&#8221; global_colors_info=&#8221;{}&#8221; theme_builder_area=&#8221;post_content&#8221;][et_pb_column type=&#8221;2_5&#8243; _builder_version=&#8221;4.24.0&#8243; _module_preset=&#8221;default&#8221; global_colors_info=&#8221;{}&#8221; theme_builder_area=&#8221;post_content&#8221;][et_pb_text _builder_version=&#8221;4.24.0&#8243; _module_preset=&#8221;default&#8221; width=&#8221;83.8%&#8221; custom_margin=&#8221;|||-79px||&#8221; custom_padding=&#8221;|||0px||&#8221; global_colors_info=&#8221;{}&#8221; theme_builder_area=&#8221;post_content&#8221;]<\/p>\n<p><strong>SWANGARD STADIUM BURNABY<\/strong><\/p>\n<p><span>Swangard Stadium<br \/><\/span><span>3883 Imperial Street, <br \/>Burnaby, BC V5G 4H7<\/span><\/p>\n<p>[\/et_pb_text][\/et_pb_column][et_pb_column type=&#8221;3_5&#8243; _builder_version=&#8221;4.24.0&#8243; _module_preset=&#8221;default&#8221; global_colors_info=&#8221;{}&#8221; theme_builder_area=&#8221;post_content&#8221;][et_pb_text _builder_version=&#8221;4.24.0&#8243; _module_preset=&#8221;default&#8221; width=&#8221;100%&#8221; custom_margin=&#8221;|-92px||-110px||&#8221; custom_padding=&#8221;|||0px||&#8221; global_colors_info=&#8221;{}&#8221; theme_builder_area=&#8221;post_content&#8221;]<\/p>\n<h2>TO SWANGARD STADIUM<\/h2>\n<p>[\/et_pb_text][et_pb_text _builder_version=&#8221;4.24.0&#8243; _module_preset=&#8221;default&#8221; text_font=&#8221;Karma||||||||&#8221; background_color=&#8221;#f7f7f7&#8243; width=&#8221;100%&#8221; custom_margin=&#8221;|-92px||-110px||&#8221; custom_padding=&#8221;35px|35px|35px|35px|true|true&#8221; global_colors_info=&#8221;{}&#8221; theme_builder_area=&#8221;post_content&#8221;]<\/p>\n<h4>EN TRAIN<\/h4>\n<ul>\n<li>Patterson Station via Expo Line &#8211; 10 minutes \u00e0 pied<\/li>\n<li>Joyce-Collingwood Station via Expo Line &#8211; 15 minutes \u00e0 pied<\/li>\n<\/ul>\n<h4>EN BUS<\/h4>\n<ul>\n<li>#19 Kingsway bus \u00e0 Boundary Rd @ Smith Avenue &#8211; 5min \u00e0 pied<\/li>\n<\/ul>\n<h4>EN VOITURE<\/h4>\n<ul>\n<li>Boundary Rd &#8211; Parking de la piscine de Central Park<\/li>\n<li>Kingsway &#8211; Parking du stade Swangard<\/li>\n<li>Le parking est tr\u00e8s limit\u00e9. Voire le <a href=\"https:\/\/thejeromeclassic.ca\/fr\/carte\/\">plan<\/a><\/li>\n<\/ul>\n<p>[\/et_pb_text][\/et_pb_column][\/et_pb_row][\/et_pb_section][et_pb_section fb_built=&#8221;1&#8243; admin_label=&#8221;#langley&#8221; module_id=&#8221;langley&#8221; _builder_version=&#8221;4.24.0&#8243; _module_preset=&#8221;default&#8221; hover_enabled=&#8221;0&#8243; global_colors_info=&#8221;{}&#8221; theme_builder_area=&#8221;post_content&#8221; disabled_on=&#8221;on|on|on&#8221; disabled=&#8221;on&#8221; sticky_enabled=&#8221;0&#8243;][et_pb_row column_structure=&#8221;2_5,3_5&#8243; admin_label=&#8221;Row&#8221; _builder_version=&#8221;4.24.0&#8243; _module_preset=&#8221;default&#8221; custom_padding=&#8221;|||146px||&#8221; global_colors_info=&#8221;{}&#8221; theme_builder_area=&#8221;post_content&#8221;][et_pb_column type=&#8221;2_5&#8243; admin_label=&#8221;Column&#8221; _builder_version=&#8221;4.24.0&#8243; _module_preset=&#8221;default&#8221; global_colors_info=&#8221;{}&#8221; theme_builder_area=&#8221;post_content&#8221;][et_pb_text _builder_version=&#8221;4.24.0&#8243; _module_preset=&#8221;default&#8221; width=&#8221;83.8%&#8221; custom_margin=&#8221;|||-79px||&#8221; custom_padding=&#8221;|||0px||&#8221; global_colors_info=&#8221;{}&#8221; theme_builder_area=&#8221;post_content&#8221;]<\/p>\n<p><strong>MCLEOD ATHLETIC PARK<\/strong><\/p>\n<p><span>Langley, BC<br \/>5687 216 St<br \/>Langley Twp, BC, V2Y 2N5<\/span><\/p>\n<p><em>Langley est provisoire pour le marteau et le disque<\/em><\/p>\n<p>[\/et_pb_text][\/et_pb_column][et_pb_column type=&#8221;3_5&#8243; admin_label=&#8221;Column&#8221; _builder_version=&#8221;4.24.0&#8243; _module_preset=&#8221;default&#8221; global_colors_info=&#8221;{}&#8221; theme_builder_area=&#8221;post_content&#8221;][et_pb_text admin_label=&#8221;Text&#8221; _builder_version=&#8221;4.24.0&#8243; _module_preset=&#8221;default&#8221; width=&#8221;100%&#8221; custom_margin=&#8221;|-92px||-110px||&#8221; custom_padding=&#8221;|||0px||&#8221; global_colors_info=&#8221;{}&#8221; theme_builder_area=&#8221;post_content&#8221;]<\/p>\n<h2>TO MCLEOD ATHLETIC PARK<\/h2>\n<p>[\/et_pb_text][et_pb_text admin_label=&#8221;Text&#8221; _builder_version=&#8221;4.24.0&#8243; _module_preset=&#8221;default&#8221; text_font=&#8221;Karma||||||||&#8221; background_color=&#8221;#f7f7f7&#8243; width=&#8221;100%&#8221; custom_margin=&#8221;|-92px||-110px||&#8221; custom_padding=&#8221;35px|35px|35px|35px|true|true&#8221; global_colors_info=&#8221;{}&#8221; theme_builder_area=&#8221;post_content&#8221;]<\/p>\n<h4>En BUS<\/h4>\n<ul>\n<li>503 Fraser Hwy Exp\/Aldergrove jusqu&#8217;\u00e0 EB 56 Ave @ 213A St<\/li>\n<\/ul>\n<h4>EN VOITURE<\/h4>\n<ul>\n<li>Suivre la Trans-Canada Hwy\/BC-1 jusqu&#8217;\u00e0 216 St dans le canton de Langley.<\/li>\n<li>Si vous voyagez vers l&#8217;est, prenez la sortie 61 de la Trans-Canada Hwy\/BC-1 E.<\/li>\n<li>Si vous voyagez vers l&#8217;ouest, prenez la sortie 66 de l&#8217;autoroute transcanadienne\/BC-1 W.<\/li>\n<\/ul>\n<p>[\/et_pb_text][\/et_pb_column][\/et_pb_row][\/et_pb_section][et_pb_section fb_built=&#8221;1&#8243; admin_label=&#8221;#langley&#8221; module_id=&#8221;shuttle&#8221; _builder_version=&#8221;4.24.0&#8243; _module_preset=&#8221;default&#8221; global_colors_info=&#8221;{}&#8221; theme_builder_area=&#8221;post_content&#8221;][et_pb_row column_structure=&#8221;2_5,3_5&#8243; admin_label=&#8221;Row&#8221; _builder_version=&#8221;4.24.0&#8243; _module_preset=&#8221;default&#8221; custom_padding=&#8221;|||146px||&#8221; global_colors_info=&#8221;{}&#8221; theme_builder_area=&#8221;post_content&#8221;][et_pb_column type=&#8221;2_5&#8243; admin_label=&#8221;Column&#8221; _builder_version=&#8221;4.24.0&#8243; _module_preset=&#8221;default&#8221; global_colors_info=&#8221;{}&#8221; theme_builder_area=&#8221;post_content&#8221;][et_pb_text _builder_version=&#8221;4.24.0&#8243; _module_preset=&#8221;default&#8221; width=&#8221;83.8%&#8221; custom_margin=&#8221;|||-79px||&#8221; custom_padding=&#8221;|||0px||&#8221; global_colors_info=&#8221;{}&#8221; theme_builder_area=&#8221;post_content&#8221;]<strong>NAVETTES ATHL\u00c8TES<\/strong><br \/>\nSwangard Stadium<br \/>\nMcLeod Athletic Park[\/et_pb_text][\/et_pb_column][et_pb_column type=&#8221;3_5&#8243; admin_label=&#8221;Column&#8221; _builder_version=&#8221;4.24.0&#8243; _module_preset=&#8221;default&#8221; global_colors_info=&#8221;{}&#8221; theme_builder_area=&#8221;post_content&#8221;][et_pb_text admin_label=&#8221;Text&#8221; _builder_version=&#8221;4.24.0&#8243; _module_preset=&#8221;default&#8221; width=&#8221;100%&#8221; custom_margin=&#8221;|-92px||-110px||&#8221; custom_padding=&#8221;|||0px||&#8221; global_colors_info=&#8221;{}&#8221; theme_builder_area=&#8221;post_content&#8221;]<\/p>\n<h2>NAVETTES ATHL\u00c8TES<\/h2>\n<p>[\/et_pb_text][et_pb_text admin_label=&#8221;Text&#8221; _builder_version=&#8221;4.24.0&#8243; _module_preset=&#8221;default&#8221; text_font=&#8221;Karma||||||||&#8221; background_color=&#8221;#f7f7f7&#8243; width=&#8221;100%&#8221; custom_margin=&#8221;|-92px||-110px||&#8221; custom_padding=&#8221;35px|35px|35px|35px|true|true&#8221; global_colors_info=&#8221;{}&#8221; theme_builder_area=&#8221;post_content&#8221;]Pour les sportifs, des navettes sont \u00e9galement disponibles vers les lieux d&#8217;entra\u00eenement et de comp\u00e9tition.[\/et_pb_text][et_pb_button button_url=&#8221;\/fr\/athletes\/#transportation&#8221; button_text=&#8221;NAvETTES ATHL\u00c8TES&#8221; _builder_version=&#8221;4.24.0&#8243; _module_preset=&#8221;default&#8221; global_colors_info=&#8221;{}&#8221; theme_builder_area=&#8221;post_content&#8221;][\/et_pb_button][\/et_pb_column][\/et_pb_row][\/et_pb_section][et_pb_section fb_built=&#8221;1&#8243; fullwidth=&#8221;on&#8221; _builder_version=&#8221;4.24.0&#8243; _module_preset=&#8221;default&#8221; global_colors_info=&#8221;{}&#8221; theme_builder_area=&#8221;post_content&#8221;][\/et_pb_section]<\/p>\n","protected":false},"excerpt":{"rendered":"<p>SWANGARD STADIUM BURNABY Swangard Stadium3883 Imperial Street, Burnaby, BC V5G 4H7TO SWANGARD STADIUMEN TRAIN Patterson Station via Expo Line &#8211; 10 minutes \u00e0 pied Joyce-Collingwood Station via Expo Line &#8211; 15 minutes \u00e0 pied EN BUS #19 Kingsway bus \u00e0 Boundary Rd @ Smith Avenue &#8211; 5min \u00e0 pied EN VOITURE Boundary Rd &#8211; Parking [&hellip;]<\/p>\n","protected":false},"author":1,"featured_media":0,"parent":0,"menu_order":0,"comment_status":"closed","ping_status":"closed","template":"","meta":{"_et_pb_use_builder":"on","_et_pb_old_content":"","_et_gb_content_width":"","footnotes":""},"_links":{"self":[{"href":"https:\/\/thejeromeclassic.ca\/fr\/wp-json\/wp\/v2\/pages\/42549"}],"collection":[{"href":"https:\/\/thejeromeclassic.ca\/fr\/wp-json\/wp\/v2\/pages"}],"about":[{"href":"https:\/\/thejeromeclassic.ca\/fr\/wp-json\/wp\/v2\/types\/page"}],"author":[{"embeddable":true,"href":"https:\/\/thejeromeclassic.ca\/fr\/wp-json\/wp\/v2\/users\/1"}],"replies":[{"embeddable":true,"href":"https:\/\/thejeromeclassic.ca\/fr\/wp-json\/wp\/v2\/comments?post=42549"}],"version-history":[{"count":18,"href":"https:\/\/thejeromeclassic.ca\/fr\/wp-json\/wp\/v2\/pages\/42549\/revisions"}],"predecessor-version":[{"id":43023,"href":"https:\/\/thejeromeclassic.ca\/fr\/wp-json\/wp\/v2\/pages\/42549\/revisions\/43023"}],"wp:attachment":[{"href":"https:\/\/thejeromeclassic.ca\/fr\/wp-json\/wp\/v2\/media?parent=42549"}],"curies":[{"name":"wp","href":"https:\/\/api.w.org\/{rel}","templated":true}]}}