{"id":19222,"date":"2015-09-04T19:19:36","date_gmt":"2015-09-04T23:19:36","guid":{"rendered":"https:\/\/thejeromeclassic.ca\/?page_id=19222"},"modified":"2024-05-28T15:47:57","modified_gmt":"2024-05-28T19:47:57","slug":"photos","status":"publish","type":"page","link":"https:\/\/thejeromeclassic.ca\/fr\/photos\/","title":{"rendered":"Photos"},"content":{"rendered":"<p>[et_pb_section fb_built=&#8221;1&#8243; fullwidth=&#8221;on&#8221; admin_label=&#8221;Header&#8221; _builder_version=&#8221;4.16&#8243; background_color=&#8221;#000000&#8243; custom_margin=&#8221;-60px||||false|false&#8221; custom_padding=&#8221;|||&#8221; locked=&#8221;off&#8221; global_colors_info=&#8221;{}&#8221; theme_builder_area=&#8221;post_content&#8221;][et_pb_fullwidth_header title=&#8221;Photos&#8221; subhead=&#8221;les meilleurs athl\u00e8tes canadiens &#8221; text_orientation=&#8221;center&#8221; background_overlay_color=&#8221;rgba(34,68,135,0.65)&#8221; content_max_width_last_edited=&#8221;off|desktop&#8221; admin_label=&#8221;Page Title&#8221; _builder_version=&#8221;4.16&#8243; title_font=&#8221;Oswald|600||on|||||&#8221; title_text_align=&#8221;center&#8221; title_text_color=&#8221;#ffffff&#8221; title_font_size=&#8221;80px&#8221; title_letter_spacing=&#8221;0.05em&#8221; title_line_height=&#8221;1.5em&#8221; content_font=&#8221;Khula|600|||||||&#8221; subhead_font=&#8221;Khula|700||on|||||&#8221; subhead_text_align=&#8221;center&#8221; subhead_text_color=&#8221;#ffffff&#8221; subhead_font_size=&#8221;20px&#8221; subhead_letter_spacing=&#8221;1px&#8221; subhead_line_height=&#8221;1.9em&#8221; background_color=&#8221;rgba(255,255,255,0)&#8221; background_image=&#8221;https:\/\/thejeromeclassic.ca\/fr\/wp-content\/uploads\/2023\/12\/20-DeGrasse-CDN-2023-BLC0372-BrianCliff-RUNVAN.jpg&#8221; parallax=&#8221;on&#8221; parallax_method=&#8221;on&#8221; custom_button_one=&#8221;on&#8221; button_one_text_size=&#8221;15px&#8221; button_one_bg_color=&#8221;#dca57d&#8221; button_one_border_width=&#8221;10px&#8221; button_one_border_color=&#8221;#dca57d&#8221; button_one_border_radius=&#8221;0px&#8221; button_one_letter_spacing=&#8221;3px&#8221; button_one_font=&#8221;Oswald|||on|&#8221; button_one_use_icon=&#8221;off&#8221; custom_margin=&#8221;||||false|false&#8221; custom_padding=&#8221;7%||3%||false|false&#8221; title_font_size_tablet=&#8221;60px&#8221; title_font_size_phone=&#8221;40px&#8221; title_font_size_last_edited=&#8221;on|phone&#8221; subhead_font_size_tablet=&#8221;&#8221; subhead_font_size_phone=&#8221;18px&#8221; subhead_font_size_last_edited=&#8221;on|phone&#8221; button_one_border_color_hover=&#8221;#c99872&#8243; button_one_border_radius_hover=&#8221;0px&#8221; button_one_letter_spacing_hover=&#8221;3px&#8221; button_one_bg_color_hover=&#8221;#c99872&#8243; global_colors_info=&#8221;{}&#8221; button_one_text_size__hover_enabled=&#8221;off&#8221; button_two_text_size__hover_enabled=&#8221;off&#8221; button_one_text_color__hover_enabled=&#8221;off&#8221; button_two_text_color__hover_enabled=&#8221;off&#8221; button_one_border_width__hover_enabled=&#8221;off&#8221; button_two_border_width__hover_enabled=&#8221;off&#8221; button_one_border_color__hover_enabled=&#8221;on&#8221; button_one_border_color__hover=&#8221;#c99872&#8243; button_two_border_color__hover_enabled=&#8221;off&#8221; button_one_border_radius__hover_enabled=&#8221;on&#8221; button_one_border_radius__hover=&#8221;0px&#8221; button_two_border_radius__hover_enabled=&#8221;off&#8221; button_one_letter_spacing__hover_enabled=&#8221;on&#8221; button_one_letter_spacing__hover=&#8221;3px&#8221; button_two_letter_spacing__hover_enabled=&#8221;off&#8221; button_one_bg_color__hover_enabled=&#8221;on&#8221; button_one_bg_color__hover=&#8221;#c99872&#8243; button_two_bg_color__hover_enabled=&#8221;off&#8221; theme_builder_area=&#8221;post_content&#8221;][\/et_pb_fullwidth_header][\/et_pb_section][et_pb_section fb_built=&#8221;1&#8243; _builder_version=&#8221;4.16&#8243; global_colors_info=&#8221;{}&#8221; theme_builder_area=&#8221;post_content&#8221;][et_pb_row _builder_version=&#8221;4.16&#8243; max_width=&#8221;1200px&#8221; global_colors_info=&#8221;{}&#8221; theme_builder_area=&#8221;post_content&#8221;][et_pb_column type=&#8221;4_4&#8243; _builder_version=&#8221;4.16&#8243; global_colors_info=&#8221;{}&#8221; theme_builder_area=&#8221;post_content&#8221;][et_pb_button button_url=&#8221;\/tickets&#8221; button_text=&#8221;Participez&#8221; button_alignment=&#8221;center&#8221; _builder_version=&#8221;4.24.0&#8243; _module_preset=&#8221;default&#8221; global_colors_info=&#8221;{}&#8221; theme_builder_area=&#8221;post_content&#8221;][\/et_pb_button][et_pb_code _builder_version=&#8221;4.24.0&#8243; _module_preset=&#8221;default&#8221; global_colors_info=&#8221;{}&#8221; theme_builder_area=&#8221;post_content&#8221;]<!-- JC Event \/photos --> <!-- [et_pb_line_break_holder] --><script type=\"application\/ld+json\"> { \"@context\": \"http:\/\/schema.org\", \"@type\": \"Article\", \"name\": \"Photos\", <!-- [et_pb_line_break_holder] -->\"datePublished\": \"2024-02-02\", <!-- [et_pb_line_break_holder] -->\"image\": \"https:\/\/thejeromeclassic.ca\/fr\/wp-content\/uploads\/2023\/12\/105-2016-IMG_3447-race-mktgfc-RUNVAN-scaled.jpg\", <!-- [et_pb_line_break_holder] -->\"articleSection\": \"An annual event, the Jerome Classic is a hallmark event.\",<!-- [et_pb_line_break_holder] -->\"articleBody\": \"The annual event brings together Canada\u2019s top athletes in a celebration of sport and community.\", <!-- [et_pb_line_break_holder] -->\"url\": \"https:\/\/thejeromeclassic.ca\/fr\/photos\/\" } <!-- [et_pb_line_break_holder] --><\/script>[\/et_pb_code][et_pb_code _builder_version=&#8221;4.24.0&#8243; _module_preset=&#8221;default&#8221; global_colors_info=&#8221;{}&#8221; theme_builder_area=&#8221;post_content&#8221;]<!-- JC Event \/photos --> <!-- [et_pb_line_break_holder] --><script type=\"application\/ld+json\"> { \"@context\": \"http:\/\/schema.org\", \"@type\": \"Article\", \"name\": \"Photos\", <!-- [et_pb_line_break_holder] -->\"datePublished\": \"2024-02-02\", <!-- [et_pb_line_break_holder] -->\"image\": \"https:\/\/thejeromeclassic.ca\/fr\/wp-content\/uploads\/2023\/12\/105-2016-IMG_3447-race-mktgfc-RUNVAN-scaled.jpg\", <!-- [et_pb_line_break_holder] -->\"articleSection\": \"An annual event, the Jerome Classic is a hallmark event.\",<!-- [et_pb_line_break_holder] -->\"articleBody\": \"The annual event brings together Canada\u2019s top athletes in a celebration of sport and community.\", <!-- [et_pb_line_break_holder] -->\"url\": \"https:\/\/thejeromeclassic.ca\/fr\/photos\/\" } <!-- [et_pb_line_break_holder] --><\/script>[\/et_pb_code][et_pb_text _builder_version=&#8221;4.24.0&#8243; _module_preset=&#8221;default&#8221; text_font=&#8221;Karma||||||||&#8221; background_color=&#8221;#f7f7f7&#8243; custom_padding=&#8221;35px|35px|35px|35px|true|true&#8221; global_colors_info=&#8221;{}&#8221; theme_builder_area=&#8221;post_content&#8221;]<\/p>\n<p>Merci \u00e0 Brian Cliff pour la majorit\u00e9 des photos de l&#8217;\u00e9v\u00e9nement ci-dessous. Merci d&#8217;indiquer le cr\u00e9dit photo le cas \u00e9ch\u00e9ant \/ RUNVAN\u00ae.<\/p>\n<p>[\/et_pb_text][et_pb_divider _builder_version=&#8221;4.16&#8243; _module_preset=&#8221;default&#8221; global_colors_info=&#8221;{}&#8221; theme_builder_area=&#8221;post_content&#8221;][\/et_pb_divider][et_pb_gallery gallery_ids=&#8221;42058,42059,42060,42061,42062,42063,42064,42065,42066,42067,42069,42070,42071,42072,42074,42083,42085,42086,42087,42088,42089,42090,42091,42092,42093,42094,42095,42096,42097,42098,42099,42100,42101,42102,42103,42430,42439,42438,42437,42436&#8243; posts_number=&#8221;52&#8243; show_title_and_caption=&#8221;off&#8221; _builder_version=&#8221;4.24.0&#8243; _module_preset=&#8221;default&#8221; global_colors_info=&#8221;{}&#8221; theme_builder_area=&#8221;post_content&#8221;][\/et_pb_gallery][\/et_pb_column][\/et_pb_row][\/et_pb_section][et_pb_section fb_built=&#8221;1&#8243; admin_label=&#8221;Links&#8221; _builder_version=&#8221;4.16&#8243; background_color=&#8221;#ffffff&#8221; background_color_gradient_direction=&#8221;90deg&#8221; max_height=&#8221;700px&#8221; custom_padding=&#8221;0px|0px|0px|0px&#8221; border_color_all=&#8221;#ffffff&#8221; global_colors_info=&#8221;{}&#8221; theme_builder_area=&#8221;post_content&#8221;][et_pb_row column_structure=&#8221;1_2,1_2&#8243; use_custom_gutter=&#8221;on&#8221; gutter_width=&#8221;1&#8243; make_equal=&#8221;on&#8221; custom_padding_last_edited=&#8221;on|phone&#8221; admin_label=&#8221;Links Row 1&#8243; module_class=&#8221; et_pb_row_fullwidth&#8221; _builder_version=&#8221;4.24.0&#8243; background_color=&#8221;#ffffff&#8221; background_enable_image=&#8221;off&#8221; width=&#8221;100%&#8221; width_tablet=&#8221;100%&#8221; width_phone=&#8221;&#8221; width_last_edited=&#8221;on|desktop&#8221; max_width=&#8221;100%&#8221; max_width_tablet=&#8221;100%&#8221; max_width_phone=&#8221;&#8221; max_width_last_edited=&#8221;on|phone&#8221; min_height=&#8221;350px&#8221; custom_margin=&#8221;|||&#8221; custom_padding=&#8221;10px||0px||false|false&#8221; custom_padding_tablet=&#8221;||5px||false|false&#8221; custom_padding_phone=&#8221;||5px||false|false&#8221; animation_style=&#8221;fade&#8221; animation_duration=&#8221;500ms&#8221; hover_enabled=&#8221;0&#8243; border_color_all=&#8221;#ffffff&#8221; border_width_top=&#8221;5px&#8221; border_width_bottom=&#8221;5px&#8221; border_color_bottom=&#8221;#ffffff&#8221; border_width_top_tablet=&#8221;0px&#8221; border_width_top_phone=&#8221;&#8221; border_width_top_last_edited=&#8221;on|phone&#8221; border_width_bottom_last_edited=&#8221;off|desktop&#8221; make_fullwidth=&#8221;on&#8221; global_colors_info=&#8221;{}&#8221; theme_builder_area=&#8221;post_content&#8221; sticky_enabled=&#8221;0&#8243;][et_pb_column type=&#8221;1_2&#8243; _builder_version=&#8221;4.24.0&#8243; background_color=&#8221;#434343&#8243; background_image=&#8221;https:\/\/thejeromeclassic.ca\/fr\/wp-content\/uploads\/2023\/12\/65-2017-IMG_0907-vol-mktgfc-RUNVAN-scaled.jpg&#8221; background_blend=&#8221;overlay&#8221; link_option_url=&#8221;\/fr\/billets&#8221; hover_enabled=&#8221;0&#8243; border_color_all=&#8221;#ffffff&#8221; border_width_right=&#8221;5px&#8221; border_width_right_tablet=&#8221;0px&#8221; border_width_right_phone=&#8221;&#8221; border_width_right_last_edited=&#8221;on|phone&#8221; border_width_bottom_tablet=&#8221;10px&#8221; border_width_bottom_phone=&#8221;&#8221; border_width_bottom_last_edited=&#8221;on|phone&#8221; border_width_left_tablet=&#8221;&#8221; border_width_left_phone=&#8221;&#8221; border_width_left_last_edited=&#8221;on|desktop&#8221; global_colors_info=&#8221;{}&#8221; custom_padding__hover=&#8221;|||&#8221; border_color_bottom__hover_enabled=&#8221;on|desktop&#8221; background__hover_enabled=&#8221;on|hover&#8221; background_color__hover=&#8221;#303030&#8243; background_enable_color__hover=&#8221;on&#8221; theme_builder_area=&#8221;post_content&#8221; sticky_enabled=&#8221;0&#8243;][et_pb_text _builder_version=&#8221;4.24.0&#8243; header_2_text_align=&#8221;right&#8221; header_2_text_color=&#8221;#ffffff&#8221; width=&#8221;80%&#8221; module_alignment=&#8221;center&#8221; custom_padding=&#8221;150px||150px||true|false&#8221; hover_enabled=&#8221;0&#8243; global_colors_info=&#8221;{}&#8221; theme_builder_area=&#8221;post_content&#8221; sticky_enabled=&#8221;0&#8243;]<\/p>\n<h2>Billets \u2014<\/h2>\n<p>[\/et_pb_text][\/et_pb_column][et_pb_column type=&#8221;1_2&#8243; _builder_version=&#8221;4.24.0&#8243; background_image=&#8221;https:\/\/thejeromeclassic.ca\/fr\/wp-content\/uploads\/2023\/12\/100-2017-IMG_4540-AD.copy-mktgfc-RUNVAN-scaled.jpg&#8221; custom_padding=&#8221;|||&#8221; hover_enabled=&#8221;0&#8243; border_color_top=&#8221;#ffffff&#8221; border_color_right=&#8221;#ffffff&#8221; border_width_left=&#8221;5px&#8221; border_color_left=&#8221;#ffffff&#8221; border_width_top_tablet=&#8221;0px&#8221; border_width_top_phone=&#8221;&#8221; border_width_top_last_edited=&#8221;on|phone&#8221; border_width_right_tablet=&#8221;&#8221; border_width_right_phone=&#8221;&#8221; border_width_right_last_edited=&#8221;on|desktop&#8221; border_width_left_tablet=&#8221;0px&#8221; border_width_left_phone=&#8221;&#8221; border_width_left_last_edited=&#8221;on|desktop&#8221; global_colors_info=&#8221;{}&#8221; custom_padding__hover=&#8221;|||&#8221; border_color_right__hover_enabled=&#8221;on|desktop&#8221; border_color_right__hover=&#8221;#ffffff&#8221; theme_builder_area=&#8221;post_content&#8221; link_option_url=&#8221;\/fr\/histoire&#8221; sticky_enabled=&#8221;0&#8243;][et_pb_divider show_divider=&#8221;off&#8221; _builder_version=&#8221;4.16&#8243; custom_padding=&#8221;165px||165px||true|false&#8221; global_colors_info=&#8221;{}&#8221; theme_builder_area=&#8221;post_content&#8221;][\/et_pb_divider][\/et_pb_column][\/et_pb_row][et_pb_row column_structure=&#8221;1_2,1_2&#8243; use_custom_gutter=&#8221;on&#8221; gutter_width=&#8221;1&#8243; make_equal=&#8221;on&#8221; custom_padding_last_edited=&#8221;on|desktop&#8221; admin_label=&#8221;Links Row 2&#8243; module_class=&#8221; et_pb_row_fullwidth&#8221; _builder_version=&#8221;4.16&#8243; background_color=&#8221;#ffffff&#8221; background_enable_image=&#8221;off&#8221; width=&#8221;100%&#8221; width_tablet=&#8221;100%&#8221; width_phone=&#8221;&#8221; width_last_edited=&#8221;on|desktop&#8221; max_width=&#8221;100%&#8221; max_width_tablet=&#8221;100%&#8221; max_width_phone=&#8221;&#8221; max_width_last_edited=&#8221;on|phone&#8221; min_height=&#8221;350px&#8221; custom_margin=&#8221;|||&#8221; custom_padding=&#8221;0px||10px||false|false&#8221; custom_padding_tablet=&#8221;&#8221; custom_padding_phone=&#8221;&#8221; animation_style=&#8221;fade&#8221; animation_duration=&#8221;500ms&#8221; border_color_all=&#8221;#ffffff&#8221; border_width_top=&#8221;5px&#8221; border_width_bottom=&#8221;5px&#8221; border_color_bottom=&#8221;#ffffff&#8221; border_width_top_tablet=&#8221;0px&#8221; border_width_top_phone=&#8221;&#8221; border_width_top_last_edited=&#8221;on|desktop&#8221; border_width_bottom_last_edited=&#8221;off|desktop&#8221; border_color_bottom_last_edited=&#8221;off|desktop&#8221; make_fullwidth=&#8221;on&#8221; global_colors_info=&#8221;{}&#8221; theme_builder_area=&#8221;post_content&#8221;][et_pb_column type=&#8221;1_2&#8243; _builder_version=&#8221;4.16&#8243; background_image=&#8221;https:\/\/thejeromeclassic.ca\/fr\/wp-content\/uploads\/2023\/12\/61-2017-IMG_4473-fans-mktgfc-RUNVAN-scaled.jpg&#8221; border_color_all=&#8221;#ffffff&#8221; border_width_right=&#8221;5px&#8221; border_width_right_tablet=&#8221;0px&#8221; border_width_right_phone=&#8221;0px&#8221; border_width_right_last_edited=&#8221;on|tablet&#8221; border_width_bottom_tablet=&#8221;10px&#8221; border_width_bottom_phone=&#8221;&#8221; border_width_bottom_last_edited=&#8221;on|phone&#8221; border_width_left_tablet=&#8221;&#8221; border_width_left_phone=&#8221;&#8221; border_width_left_last_edited=&#8221;on|desktop&#8221; global_colors_info=&#8221;{}&#8221; custom_padding__hover=&#8221;|||&#8221; border_color_bottom__hover_enabled=&#8221;on|desktop&#8221; theme_builder_area=&#8221;post_content&#8221;][et_pb_divider show_divider=&#8221;off&#8221; _builder_version=&#8221;4.16&#8243; custom_padding=&#8221;165px||165px||true|false&#8221; global_colors_info=&#8221;{}&#8221; theme_builder_area=&#8221;post_content&#8221;][\/et_pb_divider][\/et_pb_column][et_pb_column type=&#8221;1_2&#8243; _builder_version=&#8221;4.16&#8243; background_color=&#8221;#434343&#8243; background_image=&#8221;https:\/\/thejeromeclassic.ca\/fr\/wp-content\/uploads\/2023\/12\/30-LJ-M-2017-IMG_4391-lj-mktgfc-RUNVAN-scaled.jpg&#8221; background_blend=&#8221;overlay&#8221; custom_padding=&#8221;|||&#8221; link_option_url=&#8221;\/history&#8221; border_color_top=&#8221;#ffffff&#8221; border_color_right=&#8221;#ffffff&#8221; border_width_left=&#8221;5px&#8221; border_color_left=&#8221;#ffffff&#8221; border_width_top_tablet=&#8221;0px&#8221; border_width_top_phone=&#8221;&#8221; border_width_top_last_edited=&#8221;on|phone&#8221; border_width_right_tablet=&#8221;&#8221; border_width_right_phone=&#8221;&#8221; border_width_right_last_edited=&#8221;on|tablet&#8221; border_width_left_tablet=&#8221;0px&#8221; border_width_left_phone=&#8221;&#8221; border_width_left_last_edited=&#8221;on|desktop&#8221; global_colors_info=&#8221;{}&#8221; custom_padding__hover=&#8221;|||&#8221; border_color_right__hover_enabled=&#8221;on|desktop&#8221; background__hover_enabled=&#8221;on|hover&#8221; background_color__hover=&#8221;#303030&#8243; background_enable_color__hover=&#8221;on&#8221; border_color_right__hover=&#8221;#ffffff&#8221; theme_builder_area=&#8221;post_content&#8221;][et_pb_text _builder_version=&#8221;4.24.0&#8243; header_2_text_align=&#8221;right&#8221; header_2_text_color=&#8221;#ffffff&#8221; width=&#8221;80%&#8221; module_alignment=&#8221;center&#8221; custom_padding=&#8221;150px||150px||true|false&#8221; global_colors_info=&#8221;{}&#8221; theme_builder_area=&#8221;post_content&#8221;]<\/p>\n<h2>L&#8217;histoire \u2014<\/h2>\n<p>[\/et_pb_text][\/et_pb_column][\/et_pb_row][\/et_pb_section]<\/p>\n","protected":false},"excerpt":{"rendered":"<p>Merci \u00e0 Brian Cliff pour la majorit\u00e9 des photos de l&#8217;\u00e9v\u00e9nement ci-dessous. Merci d&#8217;indiquer le cr\u00e9dit photo le cas \u00e9ch\u00e9ant \/ RUNVAN\u00ae.Billets \u2014L&#8217;histoire \u2014<\/p>\n","protected":false},"author":1,"featured_media":0,"parent":0,"menu_order":0,"comment_status":"closed","ping_status":"closed","template":"","meta":{"_et_pb_use_builder":"on","_et_pb_old_content":"<img class=\"size-full wp-image-33221\" src=\"https:\/\/thejeromeclassic.ca\/fr\/wp-content\/uploads\/2015\/09\/TT-24-2017-_DSC1579-Panoas-PanoramaWide-RUNVAN\u00ae-ClarenceChan.jpg\" alt=\"Granville Island Turkey Trot\" width=\"2048\" height=\"455\" \/>\r\n\r\n<img src=\"https:\/\/thejeromeclassic.ca\/fr\/wp-content\/uploads\/2015\/09\/TT-23-2017-_DSC1322as-1stPlacePassing-RUNVAN\u00ae-ClarenceChan.jpg\" alt=\"Granville Island Turkey Trot\" width=\"2048\" height=\"1356\" class=\"size-full wp-image-33224\" \/>\r\n\r\n<img src=\"https:\/\/thejeromeclassic.ca\/fr\/wp-content\/uploads\/2015\/09\/TT-23-2017-_TUR2472-VolunteersThroughLeaves-RUNVAN\u00ae-ClarenceChan.jpg\" alt=\"Granville Island Turkey Trot\" width=\"2048\" height=\"1367\" class=\"size-full wp-image-33225\" \/>\r\n\r\n<img src=\"https:\/\/thejeromeclassic.ca\/fr\/wp-content\/uploads\/2015\/09\/TT-24-2017-_DSC1566as-SeawallAngle-RUNVAN\u00ae-ClarenceChan.jpg\" alt=\"Granville Island Turkey Trot\" width=\"2048\" height=\"1356\" class=\"size-full wp-image-33226\" \/>\r\n\r\n<img src=\"https:\/\/thejeromeclassic.ca\/fr\/wp-content\/uploads\/2015\/09\/TT-13-2017-IMG_1304-Yeah-RUNVAN\u00ae-DaveMallari.jpg\" alt=\"Granville Island Turkey Trot\" width=\"2046\" height=\"1364\" class=\"size-full wp-image-33223\" \/>\r\n\r\n<img src=\"https:\/\/thejeromeclassic.ca\/fr\/wp-content\/uploads\/2015\/09\/TT-24-2017-_TUR2518-Costume.Chicken-RUNVAN\u00ae-ClarenceChan.jpg\" alt=\"Granville Island Turkey Trot\" width=\"2048\" height=\"1367\" class=\"size-full wp-image-33227\" \/>\r\n\r\n<img src=\"https:\/\/thejeromeclassic.ca\/fr\/wp-content\/uploads\/2015\/09\/TT-24-2017-_TUR2553-ScenicAroundBend-RUNVAN\u00ae-ClarenceChan.jpg\" alt=\"Granville Island Turkey Trot\" width=\"2048\" height=\"1367\" class=\"size-full wp-image-33229\" \/>\r\n\r\n<img src=\"https:\/\/thejeromeclassic.ca\/fr\/wp-content\/uploads\/2015\/09\/TT-26-2017-_DSC1525as-DogWatchingRunners-RUNVAN\u00ae-ClarenceChan.jpg\" alt=\"Granville Island Turkey Trot\" width=\"2048\" height=\"1356\" class=\"size-full wp-image-33230\" \/>\r\n\r\n<img src=\"https:\/\/thejeromeclassic.ca\/fr\/wp-content\/uploads\/2015\/09\/TT-38-2017-_TUR2822-Busy-RUNVAN\u00ae-ClarenceChan.jpg\" alt=\"Granville Island Turkey Trot\" width=\"2048\" height=\"1367\" class=\"size-full wp-image-33231\" \/>\r\n\r\n<img src=\"https:\/\/thejeromeclassic.ca\/fr\/wp-content\/uploads\/2015\/09\/TT-54-2017-pacer.high5-RUNVAN\u00ae-PrestonEmerson.jpg\" alt=\"Granville Island Turkey Trot\" width=\"1920\" height=\"1280\" class=\"size-full wp-image-33233\" \/>\r\n\r\n<img src=\"https:\/\/thejeromeclassic.ca\/fr\/wp-content\/uploads\/2015\/09\/TT-56-2017-_D1O0387-MedalsHappy-RUNVAN\u00ae-PrestonEmerson.jpg\" alt=\"Granville Island Turkey Trot\" width=\"1920\" height=\"1280\" class=\"size-full wp-image-33232\" \/>\r\n\r\n[gallery link=\"file\" size=\"full\" ids=\"28172,28173,28174,28175,28176,28177,28178,28179,28180,28181,28182,28183,28184,28185,28186,28187,28188,28189,28190,28191,28192,28193,28194,28195,28196,28197,28198,28199,28200\"]\r\n\r\n<hr \/>\r\n\r\nPlease follow the links below to check out more event photos:\r\n<h3 style=\"text-align: center;\"><a href=\"https:\/\/www.facebook.com\/GranvilleIslandTurkeyTrot\/photos\/?tab=albums\" target=\"_blank\">View more photos<\/a><\/h3>\r\n\r\n<hr \/>","_et_gb_content_width":"","footnotes":""},"_links":{"self":[{"href":"https:\/\/thejeromeclassic.ca\/fr\/wp-json\/wp\/v2\/pages\/19222"}],"collection":[{"href":"https:\/\/thejeromeclassic.ca\/fr\/wp-json\/wp\/v2\/pages"}],"about":[{"href":"https:\/\/thejeromeclassic.ca\/fr\/wp-json\/wp\/v2\/types\/page"}],"author":[{"embeddable":true,"href":"https:\/\/thejeromeclassic.ca\/fr\/wp-json\/wp\/v2\/users\/1"}],"replies":[{"embeddable":true,"href":"https:\/\/thejeromeclassic.ca\/fr\/wp-json\/wp\/v2\/comments?post=19222"}],"version-history":[{"count":25,"href":"https:\/\/thejeromeclassic.ca\/fr\/wp-json\/wp\/v2\/pages\/19222\/revisions"}],"predecessor-version":[{"id":42771,"href":"https:\/\/thejeromeclassic.ca\/fr\/wp-json\/wp\/v2\/pages\/19222\/revisions\/42771"}],"wp:attachment":[{"href":"https:\/\/thejeromeclassic.ca\/fr\/wp-json\/wp\/v2\/media?parent=19222"}],"curies":[{"name":"wp","href":"https:\/\/api.w.org\/{rel}","templated":true}]}}